{"id":46118,"date":"2025-12-10T11:13:41","date_gmt":"2025-12-10T10:13:41","guid":{"rendered":"https:\/\/pohariky.sk\/?post_type=product&#038;p=46118"},"modified":"2026-02-23T10:02:19","modified_gmt":"2026-02-23T09:02:19","slug":"togo-sweet-240","status":"publish","type":"product","link":"https:\/\/pohariky.sk\/cs\/togo-sweet-240\/","title":{"rendered":"ToGo poh\u00e1r Sweet 240ml (50ks)"},"content":{"rendered":"<p>Poh\u00e1r na &#8220;To Go&#8221; n\u00e1poje &#8211; \u010di studen\u00e9 alebo hor\u00face. Najvhodnej\u0161ie na pod\u00e1vanie Espressa.<br \/>\nVyhotovenie: Kart\u00f3n z cukrovej trstiny s n\u00e1terom na vodnej b\u00e1ze do max. teploty +100\u00b0C<\/p>\n","protected":false},"excerpt":{"rendered":"<p>Poh\u00e1r na &#8220;To Go&#8221; n\u00e1poje &#8211; \u010di studen\u00e9 alebo hor\u00face. Najvhodnej\u0161ie na pod\u00e1vanie Espressa.<br \/>\nVyhotovenie: Kart\u00f3n z cukrove&#8230;<\/p>\n","protected":false},"featured_media":46120,"comment_status":"closed","ping_status":"closed","template":"","meta":{"_acf_changed":false},"product_brand":[],"product_cat":[5186,5185,253,809,166,222,325],"product_tag":[7660,4940,5196,5188,5194,5192,1862,3726,3752,3713,5193,4163,5191,5189,5195,5197,5190],"class_list":{"0":"post-46118","1":"product","2":"type-product","3":"status-publish","4":"has-post-thumbnail","6":"product_cat-pohare-a-viecka-na-kavu-a-caj","7":"product_cat-togo-sortiment","8":"product_cat-podla-materialu","9":"product_cat-papier-a-netkana-textilia","10":"product_cat-podla-vyrobcu","11":"product_cat-duni","12":"product_cat-spotrebny-tovar","13":"product_tag-7660","14":"product_tag-duni","15":"product_tag-ekologicky-pohar","16":"product_tag-papierovy-pohar","17":"product_tag-papierovy-pohar-na-kavu","18":"product_tag-plastovy-pohar","19":"product_tag-pohar","20":"product_tag-pohar-na-caj","21":"product_tag-pohar-na-espresso","22":"product_tag-pohar-na-kavu","23":"product_tag-pohar-na-punc","24":"product_tag-pohar-s-vieckom","25":"product_tag-pohar-sebou","26":"product_tag-pohar-togo","27":"product_tag-pohar-z-papiera","28":"product_tag-rozlozitelny-pohar","29":"product_tag-to-go-pohar","30":"pa_objem-ml-1941","31":"pa_okrasny-karton-nie","32":"pa_priemer-produktu-cm-9-0","33":"pa_vyrobca-duni","35":"first","36":"instock","37":"taxable","38":"shipping-taxable","39":"purchasable","40":"product-type-simple"},"acf":[],"tiered_pricing_type":"percentage","tiered_pricing_fixed_rules":[],"tiered_pricing_product_settings":{"layout":"default","base_unit_name":{"singular":null,"plural":null},"default_variation":null},"tiered_pricing_minimum_quantity":null,"tiered_pricing_roles_data":[],"tiered_pricing_percentage_rules":{"16":5},"tiered_pricing_maximum_quantity":null,"tiered_pricing_quantity_step":null,"_links":{"self":[{"href":"https:\/\/pohariky.sk\/cs\/wp-json\/wp\/v2\/product\/46118","targetHints":{"allow":["GET"]}}],"collection":[{"href":"https:\/\/pohariky.sk\/cs\/wp-json\/wp\/v2\/product"}],"about":[{"href":"https:\/\/pohariky.sk\/cs\/wp-json\/wp\/v2\/types\/product"}],"replies":[{"embeddable":true,"href":"https:\/\/pohariky.sk\/cs\/wp-json\/wp\/v2\/comments?post=46118"}],"version-history":[{"count":1,"href":"https:\/\/pohariky.sk\/cs\/wp-json\/wp\/v2\/product\/46118\/revisions"}],"predecessor-version":[{"id":46119,"href":"https:\/\/pohariky.sk\/cs\/wp-json\/wp\/v2\/product\/46118\/revisions\/46119"}],"wp:featuredmedia":[{"embeddable":true,"href":"https:\/\/pohariky.sk\/cs\/wp-json\/wp\/v2\/media\/46120"}],"wp:attachment":[{"href":"https:\/\/pohariky.sk\/cs\/wp-json\/wp\/v2\/media?parent=46118"}],"wp:term":[{"taxonomy":"product_brand","embeddable":true,"href":"https:\/\/pohariky.sk\/cs\/wp-json\/wp\/v2\/product_brand?post=46118"},{"taxonomy":"product_cat","embeddable":true,"href":"https:\/\/pohariky.sk\/cs\/wp-json\/wp\/v2\/product_cat?post=46118"},{"taxonomy":"product_tag","embeddable":true,"href":"https:\/\/pohariky.sk\/cs\/wp-json\/wp\/v2\/product_tag?post=46118"}],"curies":[{"name":"wp","href":"https:\/\/api.w.org\/{rel}","templated":true}]}}