{"id":4601,"date":"2025-11-06T13:18:46","date_gmt":"2025-11-06T12:18:46","guid":{"rendered":"https:\/\/pohariky.sk\/produkt\/1159\/"},"modified":"2026-02-09T13:08:49","modified_gmt":"2026-02-09T12:08:49","slug":"plaza-wine-baloon-xxl-720ml","status":"publish","type":"product","link":"https:\/\/pohariky.sk\/cs\/plaza-wine-baloon-xxl-720ml\/","title":{"rendered":"Plaza Wine Baloon XXL 720ml"},"content":{"rendered":"<p>V\u00ednov\u00fd poh\u00e1r ur\u010den\u00fd prim\u00e1rne na \u010derven\u00e9 v\u00edno. Bal\u00f3nov\u00fd tvar, ktor\u00fd zintenz\u00edv\u0148uje v\u00f4ne, typovo a\u017e k Burgund poh\u00e1rom. Svojim \u0161irok\u00fdm dnom zabezpe\u010duje dobr\u00e9 &#8220;d\u00fdchanie v\u00edna&#8221;.<br \/>\nZna\u010dka Royal Leerdam je tradi\u010dnou eur\u00f3pskou zna\u010dkou u\u017e vy\u0161e 145 rokov, ktor\u00e1 dlhodobo kombinuje elegantn\u00fd a z\u00e1rove\u0148 funk\u010dn\u00fd dizajn.<\/p>\n","protected":false},"excerpt":{"rendered":"<p>V\u00ednov\u00fd poh\u00e1r ur\u010den\u00fd prim\u00e1rne na \u010derven\u00e9 v\u00edno. Bal\u00f3nov\u00fd tvar, ktor\u00fd zintenz\u00edv\u0148uje v\u00f4ne, typovo a\u017e k Burgund poh\u00e1rom. S&#8230;<\/p>\n","protected":false},"featured_media":41208,"comment_status":"closed","ping_status":"open","template":"","meta":{"_acf_changed":false},"product_brand":[],"product_cat":[5977,253,255,166,252,254,872],"product_tag":[4321,4325,2276,1950,1962,4322,4323,1862,4296,1973,2954,2950,2458,1868,4324],"class_list":{"0":"post-4601","1":"product","2":"type-product","3":"status-publish","4":"has-post-thumbnail","6":"product_cat-libbey","7":"product_cat-podla-materialu","8":"product_cat-sklo-podla-materialu","9":"product_cat-podla-vyrobcu","10":"product_cat-pohare-a-sklo","11":"product_cat-vino-pohare-a-sklo","12":"product_cat-pohare-na-vino-vino-pohare-a-sklo","13":"product_tag-720-ml","14":"product_tag-4325","15":"product_tag-ciachovany-pohar","16":"product_tag-libbey","17":"product_tag-onis","18":"product_tag-plaza","19":"product_tag-plaza-wine-baloon","20":"product_tag-pohar","21":"product_tag-pohar-na-cervene-vino","22":"product_tag-pohar-na-stopke","23":"product_tag-pohar-na-vino","24":"product_tag-pohare-na-vino","25":"product_tag-royal-leerdam","26":"product_tag-skleneny-pohar","27":"product_tag-xxl","28":"pa_mikrovlnka-ano","29":"pa_objem-ml-4753","30":"pa_okrasny-karton-ano","31":"pa_priemer-produktu-cm-10-9","32":"pa_umyvacka-ano","33":"pa_vyrobca-libbey","35":"first","36":"instock","37":"sale","38":"taxable","39":"shipping-taxable","40":"purchasable","41":"product-type-simple"},"acf":[],"tiered_pricing_type":"percentage","tiered_pricing_fixed_rules":[],"tiered_pricing_product_settings":{"layout":"default","base_unit_name":{"singular":null,"plural":null},"default_variation":null},"tiered_pricing_minimum_quantity":null,"tiered_pricing_roles_data":[],"tiered_pricing_percentage_rules":[],"tiered_pricing_maximum_quantity":null,"tiered_pricing_quantity_step":null,"_links":{"self":[{"href":"https:\/\/pohariky.sk\/cs\/wp-json\/wp\/v2\/product\/4601","targetHints":{"allow":["GET"]}}],"collection":[{"href":"https:\/\/pohariky.sk\/cs\/wp-json\/wp\/v2\/product"}],"about":[{"href":"https:\/\/pohariky.sk\/cs\/wp-json\/wp\/v2\/types\/product"}],"replies":[{"embeddable":true,"href":"https:\/\/pohariky.sk\/cs\/wp-json\/wp\/v2\/comments?post=4601"}],"version-history":[{"count":7,"href":"https:\/\/pohariky.sk\/cs\/wp-json\/wp\/v2\/product\/4601\/revisions"}],"predecessor-version":[{"id":32097,"href":"https:\/\/pohariky.sk\/cs\/wp-json\/wp\/v2\/product\/4601\/revisions\/32097"}],"wp:featuredmedia":[{"embeddable":true,"href":"https:\/\/pohariky.sk\/cs\/wp-json\/wp\/v2\/media\/41208"}],"wp:attachment":[{"href":"https:\/\/pohariky.sk\/cs\/wp-json\/wp\/v2\/media?parent=4601"}],"wp:term":[{"taxonomy":"product_brand","embeddable":true,"href":"https:\/\/pohariky.sk\/cs\/wp-json\/wp\/v2\/product_brand?post=4601"},{"taxonomy":"product_cat","embeddable":true,"href":"https:\/\/pohariky.sk\/cs\/wp-json\/wp\/v2\/product_cat?post=4601"},{"taxonomy":"product_tag","embeddable":true,"href":"https:\/\/pohariky.sk\/cs\/wp-json\/wp\/v2\/product_tag?post=4601"}],"curies":[{"name":"wp","href":"https:\/\/api.w.org\/{rel}","templated":true}]}}