{"id":4595,"date":"2025-11-06T13:18:46","date_gmt":"2025-11-06T12:18:46","guid":{"rendered":"https:\/\/pohariky.sk\/produkt\/1157\/"},"modified":"2026-02-09T13:06:50","modified_gmt":"2026-02-09T12:06:50","slug":"vinata-wine-540ml","status":"publish","type":"product","link":"https:\/\/pohariky.sk\/cs\/vinata-wine-540ml\/","title":{"rendered":"Vinata Wine 540ml"},"content":{"rendered":"<p>N\u00e1dhern\u00fd v\u00ednov\u00fd poh\u00e1r na v\u0161estrann\u00e9 pou\u017eitie. Kr\u00e1sny vysok\u00fd tvar kalicha a neuverite\u013ene kr\u00e1sna tenk\u00e1 stopka. Svojim objemom m\u00f4\u017ee by\u0165 pou\u017eit\u00fd na perfektn\u00e9 serv\u00edrovanie ak\u00e9hoko\u013evek druhu v\u00edna.<br \/>\nZna\u010dka Royal Leerdam je tradi\u010dnou eur\u00f3pskou zna\u010dkou u\u017e vy\u0161e 145 rokov, ktor\u00e1 dlhodobo kombinuje elegantn\u00fd a z\u00e1rove\u0148 funk\u010dn\u00fd dizajn.<\/p>\n","protected":false},"excerpt":{"rendered":"<p>N\u00e1dhern\u00fd v\u00ednov\u00fd poh\u00e1r na v\u0161estrann\u00e9 pou\u017eitie. Kr\u00e1sny vysok\u00fd tvar kalicha a neuverite\u013ene kr\u00e1sna tenk\u00e1 stopka. Svojim o&#8230;<\/p>\n","protected":false},"featured_media":41210,"comment_status":"closed","ping_status":"open","template":"","meta":{"_acf_changed":false},"product_brand":[],"product_cat":[5977,253,255,166,252,254,872],"product_tag":[3008,4329,4326,1950,1962,1862,4297,1973,2954,2950,2458,1868,4327,4328],"class_list":{"0":"post-4595","1":"product","2":"type-product","3":"status-publish","4":"has-post-thumbnail","6":"product_cat-libbey","7":"product_cat-podla-materialu","8":"product_cat-sklo-podla-materialu","9":"product_cat-podla-vyrobcu","10":"product_cat-pohare-a-sklo","11":"product_cat-vino-pohare-a-sklo","12":"product_cat-pohare-na-vino-vino-pohare-a-sklo","13":"product_tag-2-26060","14":"product_tag-4329","15":"product_tag-540-ml","16":"product_tag-libbey","17":"product_tag-onis","18":"product_tag-pohar","19":"product_tag-pohar-na-biele-vino","20":"product_tag-pohar-na-stopke","21":"product_tag-pohar-na-vino","22":"product_tag-pohare-na-vino","23":"product_tag-royal-leerdam","24":"product_tag-skleneny-pohar","25":"product_tag-vinata","26":"product_tag-vinata-wine","27":"pa_mikrovlnka-ano","28":"pa_objem-ml-2155","29":"pa_okrasny-karton-ano","30":"pa_priemer-produktu-cm-8-8","31":"pa_umyvacka-ano","32":"pa_vyrobca-libbey","34":"first","35":"instock","36":"sale","37":"taxable","38":"shipping-taxable","39":"purchasable","40":"product-type-simple"},"acf":[],"tiered_pricing_type":"percentage","tiered_pricing_fixed_rules":[],"tiered_pricing_product_settings":{"layout":"default","base_unit_name":{"singular":null,"plural":null},"default_variation":null},"tiered_pricing_minimum_quantity":null,"tiered_pricing_roles_data":[],"tiered_pricing_percentage_rules":[],"tiered_pricing_maximum_quantity":null,"tiered_pricing_quantity_step":null,"_links":{"self":[{"href":"https:\/\/pohariky.sk\/cs\/wp-json\/wp\/v2\/product\/4595","targetHints":{"allow":["GET"]}}],"collection":[{"href":"https:\/\/pohariky.sk\/cs\/wp-json\/wp\/v2\/product"}],"about":[{"href":"https:\/\/pohariky.sk\/cs\/wp-json\/wp\/v2\/types\/product"}],"replies":[{"embeddable":true,"href":"https:\/\/pohariky.sk\/cs\/wp-json\/wp\/v2\/comments?post=4595"}],"version-history":[{"count":7,"href":"https:\/\/pohariky.sk\/cs\/wp-json\/wp\/v2\/product\/4595\/revisions"}],"predecessor-version":[{"id":32100,"href":"https:\/\/pohariky.sk\/cs\/wp-json\/wp\/v2\/product\/4595\/revisions\/32100"}],"wp:featuredmedia":[{"embeddable":true,"href":"https:\/\/pohariky.sk\/cs\/wp-json\/wp\/v2\/media\/41210"}],"wp:attachment":[{"href":"https:\/\/pohariky.sk\/cs\/wp-json\/wp\/v2\/media?parent=4595"}],"wp:term":[{"taxonomy":"product_brand","embeddable":true,"href":"https:\/\/pohariky.sk\/cs\/wp-json\/wp\/v2\/product_brand?post=4595"},{"taxonomy":"product_cat","embeddable":true,"href":"https:\/\/pohariky.sk\/cs\/wp-json\/wp\/v2\/product_cat?post=4595"},{"taxonomy":"product_tag","embeddable":true,"href":"https:\/\/pohariky.sk\/cs\/wp-json\/wp\/v2\/product_tag?post=4595"}],"curies":[{"name":"wp","href":"https:\/\/api.w.org\/{rel}","templated":true}]}}