{"id":42530,"date":"2025-11-06T18:03:00","date_gmt":"2025-11-06T17:03:00","guid":{"rendered":"https:\/\/pohariky.sk\/obrusky-bio-dunisoft-stargazing-cream-60ks-40x40-cm\/"},"modified":"2026-02-23T10:02:09","modified_gmt":"2026-02-23T09:02:09","slug":"obrusky-bio-dunisoft-stargazing-cream-60ks-40x40-cm","status":"publish","type":"product","link":"https:\/\/pohariky.sk\/cs\/obrusky-bio-dunisoft-stargazing-cream-60ks-40x40-cm\/","title":{"rendered":"Obr\u00fasky Bio Dunisoft\u00ae Stargazing Cream (60ks, 40&#215;40 cm)"},"content":{"rendered":"<p>Obr\u00fasky z materi\u00e1lu Dunisoft &#8211; netkanej text\u00edlie, ktor\u00e1 je v\u00fdborn\u00e1 na dekorat\u00edvne skladanie. Dunisoft je jemnej\u0161\u00ed ako Dunilin, vyzer\u00e1 na prv\u00fd poh\u013ead ako l\u00e1tka, je to siln\u00fd materi\u00e1l, pr\u00edjemn\u00fd na dotyk a m\u00e1 vysok\u00fa absorb\u010dn\u00fa schopnos\u0165.<br \/>\nVzorovan\u00e9 obr\u00fasky n\u00e1m d\u00e1vaj\u00fa neprebern\u00e9 mno\u017estvo mo\u017enost\u00ed pre v\u0161etky pr\u00edle\u017eitosti. Ide o jeden zo z\u00e1kladn\u00fdch produktov pri dekor\u00e1cii a prestieran\u00ed.<br \/>\nBio Dunisoft\u00ae &#8211; vyroben\u00e9 z obnovite\u013en\u00fdch surov\u00edn bez obsahu fos\u00edlnych surov\u00edn. Obsahuj\u00fa OC BiobinderTM vyroben\u00fd z kukurice, citr\u00f3nu a \u010fal\u013e\u00edch potravinov\u00fdch odpadov z potravin\u00e1rskeho priemyslu. Je plne kompostovate\u013en\u00fd.<br \/>\nEcoecho\u00ae &#8211; je typ materi\u00e1lu, ktor\u00fd bol vyvinut\u00fd s maxim\u00e1lnym oh\u013eadom na \u017eivotn\u00e9 prostrednie. Ide o 100% kompostovate\u013en\u00fd materi\u00e1l, ktor\u00fd neobsahuje \u017eiadne toxick\u00e9 l\u00e1tky.<\/p>\n","protected":false},"excerpt":{"rendered":"<p>Obr\u00fasky z materi\u00e1lu Dunisoft &#8211; netkanej text\u00edlie, ktor\u00e1 je v\u00fdborn\u00e1 na dekorat\u00edvne skladanie. Dunisoft je jemnej\u0161\u00ed ako&#8230;<\/p>\n","protected":false},"featured_media":42532,"comment_status":"closed","ping_status":"closed","template":"","meta":{"_acf_changed":false},"product_brand":[],"product_cat":[5736,6312,253,809,166,222,325,409],"product_tag":[6396,5342,5301,4940,5304,5305,5325,5543,5541,5302,5545,5542,5034,5544,5346,5546,6395],"class_list":{"0":"post-42530","1":"product","2":"type-product","3":"status-publish","4":"has-post-thumbnail","6":"product_cat-dunisoft","7":"product_cat-vianocne","8":"product_cat-podla-materialu","9":"product_cat-papier-a-netkana-textilia","10":"product_cat-podla-vyrobcu","11":"product_cat-duni","12":"product_cat-spotrebny-tovar","13":"product_cat-luxusne-obrusky","14":"product_tag-6396","15":"product_tag-40x40","16":"product_tag-airlaid","17":"product_tag-duni","18":"product_tag-dunilin","19":"product_tag-dunisoft","20":"product_tag-elegance","21":"product_tag-na-oslavu","22":"product_tag-na-svadbu","23":"product_tag-obrusky","24":"product_tag-obrusky-na-oslavu","25":"product_tag-obrusky-na-svadbu","26":"product_tag-servitky","27":"product_tag-servitky-na-oslavu","28":"product_tag-servitky-na-svadbu","29":"product_tag-slavnostne-prestieranie","30":"product_tag-stargazing-cream","31":"pa_okrasny-karton-nie","32":"pa_vyrobca-duni","34":"first","35":"instock","36":"sale","37":"taxable","38":"shipping-taxable","39":"purchasable","40":"product-type-simple"},"acf":[],"tiered_pricing_type":"percentage","tiered_pricing_fixed_rules":[],"tiered_pricing_product_settings":{"layout":"default","base_unit_name":{"singular":null,"plural":null},"default_variation":null},"tiered_pricing_minimum_quantity":null,"tiered_pricing_roles_data":[],"tiered_pricing_percentage_rules":[],"tiered_pricing_maximum_quantity":null,"tiered_pricing_quantity_step":null,"_links":{"self":[{"href":"https:\/\/pohariky.sk\/cs\/wp-json\/wp\/v2\/product\/42530","targetHints":{"allow":["GET"]}}],"collection":[{"href":"https:\/\/pohariky.sk\/cs\/wp-json\/wp\/v2\/product"}],"about":[{"href":"https:\/\/pohariky.sk\/cs\/wp-json\/wp\/v2\/types\/product"}],"replies":[{"embeddable":true,"href":"https:\/\/pohariky.sk\/cs\/wp-json\/wp\/v2\/comments?post=42530"}],"version-history":[{"count":1,"href":"https:\/\/pohariky.sk\/cs\/wp-json\/wp\/v2\/product\/42530\/revisions"}],"predecessor-version":[{"id":42531,"href":"https:\/\/pohariky.sk\/cs\/wp-json\/wp\/v2\/product\/42530\/revisions\/42531"}],"wp:featuredmedia":[{"embeddable":true,"href":"https:\/\/pohariky.sk\/cs\/wp-json\/wp\/v2\/media\/42532"}],"wp:attachment":[{"href":"https:\/\/pohariky.sk\/cs\/wp-json\/wp\/v2\/media?parent=42530"}],"wp:term":[{"taxonomy":"product_brand","embeddable":true,"href":"https:\/\/pohariky.sk\/cs\/wp-json\/wp\/v2\/product_brand?post=42530"},{"taxonomy":"product_cat","embeddable":true,"href":"https:\/\/pohariky.sk\/cs\/wp-json\/wp\/v2\/product_cat?post=42530"},{"taxonomy":"product_tag","embeddable":true,"href":"https:\/\/pohariky.sk\/cs\/wp-json\/wp\/v2\/product_tag?post=42530"}],"curies":[{"name":"wp","href":"https:\/\/api.w.org\/{rel}","templated":true}]}}