{"id":27735,"date":"2025-11-06T13:16:34","date_gmt":"2025-11-06T12:16:34","guid":{"rendered":"https:\/\/pohariky.sk\/perception-coupe-251ml\/"},"modified":"2026-02-09T13:03:36","modified_gmt":"2026-02-09T12:03:36","slug":"perception-coupe-251ml","status":"publish","type":"product","link":"https:\/\/pohariky.sk\/cs\/perception-coupe-251ml\/","title":{"rendered":"Perception coup\u00e9 251ml"},"content":{"rendered":"<p>Kr\u00e1sna miska (coup\u00e9) od eur\u00f3pskeho v\u00fdrobcu Onis (predt\u00fdm americk\u00fd Libbey) z tvrden\u00e9ho skla, ktor\u00fa je mo\u017en\u00e9 vyu\u017ei\u0165 na welcome drinky, kr\u00e1sne cocktaily alebo sekt.<br \/>\nTento poh\u00e1r m\u00e1 zosilnen\u00fd horn\u00fd okraj kalichu a rovnako aj okraj podstavy, \u010do je prevenciou pred od\u0161tiepen\u00edm hrany kalicha, \u010di podstavy. Ide o v\u00fdznamn\u00e9 zv\u00fd\u0161enie \u017eivotnosti poh\u00e1ra dosiahnut\u00e9 v\u00fdrobou na jeden kr\u00e1t oproti klasickej v\u00fdrobe sp\u00e1jania dvoch prvkov (kalich, stopka).<br \/>\nPoh\u00e1re od ONIS s\u00fa najvy\u0161\u0161\u00edm \u0161tandardom pre serv\u00edrovanie vzh\u013eadom na vysok\u00fa trv\u00e1cnos\u0165 a \u010d\u00edros\u0165.<\/p>\n","protected":false},"excerpt":{"rendered":"<p>Kr\u00e1sna miska (coup\u00e9) od eur\u00f3pskeho v\u00fdrobcu Onis (predt\u00fdm americk\u00fd Libbey) z tvrden\u00e9ho skla, ktor\u00fa je mo\u017en\u00e9 vyu\u017ei\u0165 na &#8230;<\/p>\n","protected":false},"featured_media":41066,"comment_status":"closed","ping_status":"open","template":"","meta":{"_acf_changed":false},"product_brand":[],"product_cat":[5977,6277,253,255,166,252,333,1058],"product_tag":[2670,2671,2397,1950,2630,2633,1962,2668,2669,1862,1958,2405,2635,2632,2631,1917,2576,1868],"class_list":{"0":"post-27735","1":"product","2":"type-product","3":"status-publish","4":"has-post-thumbnail","6":"product_cat-libbey","7":"product_cat-misky-a-coupe-sampanske-sekt-prosecco","8":"product_cat-podla-materialu","9":"product_cat-sklo-podla-materialu","10":"product_cat-podla-vyrobcu","11":"product_cat-pohare-a-sklo","12":"product_cat-cocktailove-pohare-pohare-a-sklo","13":"product_cat-misky-a-coupe","14":"product_tag-251-ml","15":"product_tag-2671","16":"product_tag-cocktailovy-pohar","17":"product_tag-libbey","18":"product_tag-miska","19":"product_tag-miska-na-sekt","20":"product_tag-onis","21":"product_tag-perception","22":"product_tag-perception-coupe","23":"product_tag-pohar","24":"product_tag-pohar-do-baru","25":"product_tag-pohar-na-cocktaily","26":"product_tag-pohar-na-pripitok","27":"product_tag-pohar-na-sampanske","28":"product_tag-pohar-na-sekt","29":"product_tag-pohare","30":"product_tag-pripitkovy-pohar","31":"product_tag-skleneny-pohar","32":"pa_mikrovlnka-ano","33":"pa_objem-ml-2667","34":"pa_okrasny-karton-nie","35":"pa_priemer-produktu-cm-10-5","36":"pa_umyvacka-ano","37":"pa_vyrobca-libbey","39":"first","40":"instock","41":"sale","42":"taxable","43":"shipping-taxable","44":"purchasable","45":"product-type-simple"},"acf":[],"tiered_pricing_type":"percentage","tiered_pricing_fixed_rules":[],"tiered_pricing_product_settings":{"layout":"default","base_unit_name":{"singular":null,"plural":null},"default_variation":null},"tiered_pricing_minimum_quantity":null,"tiered_pricing_roles_data":[],"tiered_pricing_percentage_rules":[],"tiered_pricing_maximum_quantity":null,"tiered_pricing_quantity_step":null,"_links":{"self":[{"href":"https:\/\/pohariky.sk\/cs\/wp-json\/wp\/v2\/product\/27735","targetHints":{"allow":["GET"]}}],"collection":[{"href":"https:\/\/pohariky.sk\/cs\/wp-json\/wp\/v2\/product"}],"about":[{"href":"https:\/\/pohariky.sk\/cs\/wp-json\/wp\/v2\/types\/product"}],"replies":[{"embeddable":true,"href":"https:\/\/pohariky.sk\/cs\/wp-json\/wp\/v2\/comments?post=27735"}],"version-history":[{"count":1,"href":"https:\/\/pohariky.sk\/cs\/wp-json\/wp\/v2\/product\/27735\/revisions"}],"predecessor-version":[{"id":27736,"href":"https:\/\/pohariky.sk\/cs\/wp-json\/wp\/v2\/product\/27735\/revisions\/27736"}],"wp:featuredmedia":[{"embeddable":true,"href":"https:\/\/pohariky.sk\/cs\/wp-json\/wp\/v2\/media\/41066"}],"wp:attachment":[{"href":"https:\/\/pohariky.sk\/cs\/wp-json\/wp\/v2\/media?parent=27735"}],"wp:term":[{"taxonomy":"product_brand","embeddable":true,"href":"https:\/\/pohariky.sk\/cs\/wp-json\/wp\/v2\/product_brand?post=27735"},{"taxonomy":"product_cat","embeddable":true,"href":"https:\/\/pohariky.sk\/cs\/wp-json\/wp\/v2\/product_cat?post=27735"},{"taxonomy":"product_tag","embeddable":true,"href":"https:\/\/pohariky.sk\/cs\/wp-json\/wp\/v2\/product_tag?post=27735"}],"curies":[{"name":"wp","href":"https:\/\/api.w.org\/{rel}","templated":true}]}}