{"id":24123,"date":"2025-11-06T13:04:26","date_gmt":"2025-11-06T12:04:26","guid":{"rendered":"https:\/\/pohariky.sk\/michaci-sklenice-900-ml\/"},"modified":"2025-11-18T11:27:48","modified_gmt":"2025-11-18T10:27:48","slug":"michaci-sklenice-900-ml","status":"publish","type":"product","link":"https:\/\/pohariky.sk\/cs\/michaci-sklenice-900-ml\/","title":{"rendered":"M\u00edchac\u00ed sklenice 900 ml"},"content":{"rendered":"<p>Vyhled\u00e1van\u00e1 m\u00edchac\u00ed sklenice nebo m\u00edchac\u00ed sklenice \u010di m\u00edchac\u00ed sklenice. Vybaven\u00ed ka\u017ed\u00e9ho profesion\u00e1ln\u00edho barmana a baru. Kr\u00e1sn\u00fd hladk\u00fd design.   <\/p>\n<p>Sklenice Libbey p\u0159edstavuj\u00ed nejvy\u0161\u0161\u00ed standard pro serv\u00edrov\u00e1n\u00ed d\u00edky sv\u00e9 vysok\u00e9 odolnosti a \u010dirosti.<\/p>\n<table border=\"0\" cellpadding=\"0\" cellspacing=\"0\" width=\"157\">\n<colgroup>\n<col>\n<col>\n\t<\/colgroup>\n<tbody>\n<tr height=\"20\">\n<td height=\"20\" style=\"width: 99px; height: 20px;\"><strong>&nbsp;Poh\u00e1r&nbsp;<\/strong><\/td>\n<td style=\"width: 59px;\">&nbsp;<\/td>\n<\/tr>\n<tr height=\"20\">\n<td height=\"20\" style=\"height: 20px;\">&nbsp;Svazek&nbsp;<\/td>\n<td>&nbsp;900 ml&nbsp;<\/td>\n<\/tr>\n<tr height=\"20\">\n<td height=\"20\" style=\"height: 20px;\">&nbsp;V\u00fd\u0161ka&nbsp;<\/td>\n<td>&nbsp;191 mm&nbsp;<\/td>\n<\/tr>\n<tr height=\"20\">\n<td height=\"20\" style=\"height: 20px;\">&nbsp;Max. pr\u016fm\u011br &nbsp;<\/td>\n<td>&nbsp;96 mm&nbsp;<\/td>\n<\/tr>\n<tr height=\"20\">\n<td height=\"20\" style=\"height: 20px;\"><strong>&nbsp;Balen\u00ed&nbsp;<\/strong><\/td>\n<td>&nbsp;6 ks&nbsp;<\/td>\n<\/tr>\n<tr height=\"20\">\n<td height=\"20\" style=\"height: 20px;\"><strong>&nbsp;V\u00fdrobce&nbsp;<\/strong><\/td>\n<td>&nbsp;Libbey<\/td>\n<\/tr>\n<\/tbody>\n<\/table>\n","protected":false},"excerpt":{"rendered":"<p>Vyhled\u00e1van\u00e1 m\u00edchac\u00ed sklenice nebo m\u00edchac\u00ed sklenice \u010di m\u00edchac\u00ed sklenice. Vybaven\u00ed ka\u017ed\u00e9ho profesion\u00e1ln\u00edho barmana a baru. Kr\u00e1sn\u011b hladk\u00e1&#8230;   <\/p>\n","protected":false},"featured_media":37146,"comment_status":"closed","ping_status":"closed","template":"","meta":{"_acf_changed":false},"product_brand":[],"product_cat":[1505,1077,1126,1076,1094,1130],"product_tag":[],"class_list":{"0":"post-24123","1":"product","2":"type-product","3":"status-publish","4":"has-post-thumbnail","6":"product_cat-michaci-sklenice","7":"product_cat-podle-materialu","8":"product_cat-sklo","9":"product_cat-podle-vyrobce","10":"product_cat-sklenice-a-sklenene-nadobi","11":"product_cat-koktejlove-sklenice","12":"pa_mikrovlnka-ano-cs","13":"pa_objem-ml-900-cs","14":"pa_okrasny-karton-nie-cs","15":"pa_priemer-produktu-cm-9-6-cs","16":"pa_umyvacka-ano-cs","17":"pa_vyrobca-libbey-cs","19":"first","20":"instock","21":"sale","22":"taxable","23":"shipping-taxable","24":"purchasable","25":"product-type-simple"},"acf":[],"tiered_pricing_type":"percentage","tiered_pricing_fixed_rules":[],"tiered_pricing_product_settings":{"layout":"default","base_unit_name":{"singular":null,"plural":null},"default_variation":null},"tiered_pricing_minimum_quantity":null,"tiered_pricing_roles_data":[],"tiered_pricing_percentage_rules":[],"tiered_pricing_maximum_quantity":null,"tiered_pricing_quantity_step":null,"_links":{"self":[{"href":"https:\/\/pohariky.sk\/cs\/wp-json\/wp\/v2\/product\/24123","targetHints":{"allow":["GET"]}}],"collection":[{"href":"https:\/\/pohariky.sk\/cs\/wp-json\/wp\/v2\/product"}],"about":[{"href":"https:\/\/pohariky.sk\/cs\/wp-json\/wp\/v2\/types\/product"}],"replies":[{"embeddable":true,"href":"https:\/\/pohariky.sk\/cs\/wp-json\/wp\/v2\/comments?post=24123"}],"version-history":[{"count":1,"href":"https:\/\/pohariky.sk\/cs\/wp-json\/wp\/v2\/product\/24123\/revisions"}],"predecessor-version":[{"id":44288,"href":"https:\/\/pohariky.sk\/cs\/wp-json\/wp\/v2\/product\/24123\/revisions\/44288"}],"wp:featuredmedia":[{"embeddable":true,"href":"https:\/\/pohariky.sk\/cs\/wp-json\/wp\/v2\/media\/37146"}],"wp:attachment":[{"href":"https:\/\/pohariky.sk\/cs\/wp-json\/wp\/v2\/media?parent=24123"}],"wp:term":[{"taxonomy":"product_brand","embeddable":true,"href":"https:\/\/pohariky.sk\/cs\/wp-json\/wp\/v2\/product_brand?post=24123"},{"taxonomy":"product_cat","embeddable":true,"href":"https:\/\/pohariky.sk\/cs\/wp-json\/wp\/v2\/product_cat?post=24123"},{"taxonomy":"product_tag","embeddable":true,"href":"https:\/\/pohariky.sk\/cs\/wp-json\/wp\/v2\/product_tag?post=24123"}],"curies":[{"name":"wp","href":"https:\/\/api.w.org\/{rel}","templated":true}]}}