{"id":24112,"date":"2025-11-06T13:19:31","date_gmt":"2025-11-06T12:19:31","guid":{"rendered":"https:\/\/pohariky.sk\/prestige-krista-150ml\/"},"modified":"2024-03-20T15:39:33","modified_gmt":"2024-03-20T14:39:33","slug":"prestige-krista-150ml","status":"publish","type":"product","link":"https:\/\/pohariky.sk\/cs\/prestige-krista-150ml\/","title":{"rendered":"Prestige Krista 150ml"},"content":{"rendered":"<p>Kr\u00e1sn\u00e9 retro elegantn\u00ed sklenice pro neobvykl\u00e9 pod\u00e1v\u00e1n\u00ed v\u00edna. V\u00fdborn\u00fd tvar a stopka, na kter\u00e9 je &#8220;nasekan\u00e1&#8221; kuli\u010dka, vypad\u00e1 velmi p\u011bkn\u011b a p\u0159ipom\u00edn\u00e1 k\u0159i\u0161\u0165\u00e1l. <\/p>\n<table border=\"0\" cellpadding=\"0\" cellspacing=\"0\" width=\"157\">\n<colgroup>\n<col>\n<col>\n\t<\/colgroup>\n<tbody>\n<tr height=\"20\">\n<td height=\"20\" style=\"width: 99px; height: 20px;\"><strong>&nbsp;Poh\u00e1r&nbsp;<\/strong><\/td>\n<td style=\"width: 59px;\">&nbsp;<\/td>\n<\/tr>\n<tr height=\"20\">\n<td height=\"20\" style=\"height: 20px;\">&nbsp;Svazek&nbsp;<\/td>\n<td>&nbsp;150 ml&nbsp;<\/td>\n<\/tr>\n<tr height=\"20\">\n<td height=\"20\" style=\"height: 20px;\">&nbsp;V\u00fd\u0161ka&nbsp;<\/td>\n<td>&nbsp;168 mm&nbsp;<\/td>\n<\/tr>\n<tr height=\"20\">\n<td height=\"20\" style=\"height: 20px;\">&nbsp;Max. pr\u016fm\u011br &nbsp;<\/td>\n<td>&nbsp;80 mm&nbsp;<\/td>\n<\/tr>\n<tr height=\"20\">\n<td height=\"20\" style=\"height: 20px;\"><strong>&nbsp;Balen\u00ed&nbsp;<\/strong><\/td>\n<td>&nbsp;6 ks&nbsp;<\/td>\n<\/tr>\n<tr height=\"20\">\n<td height=\"20\" style=\"height: 20px;\"><strong>&nbsp;V\u00fdrobce&nbsp;<\/strong><\/td>\n<td>&nbsp;Krosno&nbsp;<\/td>\n<\/tr>\n<\/tbody>\n<\/table>\n","protected":false},"excerpt":{"rendered":"<p>Kr\u00e1sn\u00e9 retro elegantn\u00ed sklenice pro neobvykl\u00e9 pod\u00e1v\u00e1n\u00ed v\u00edna. V\u00fdborn\u00fd tvar a stopka, na kter\u00e9 je &#8220;nasekan\u00e1&#8221; kuli\u010dka, vypad\u00e1 velmi&#8230; <\/p>\n","protected":false},"featured_media":41261,"comment_status":"closed","ping_status":"open","template":"","meta":{"_acf_changed":false},"product_brand":[],"product_cat":[1551,1579,1520,1077,1126,1076,1094,1095],"product_tag":[],"class_list":{"0":"post-24112","1":"product","2":"type-product","3":"status-publish","4":"has-post-thumbnail","6":"product_cat-krosno-cs","7":"product_cat-retro-bryle","8":"product_cat-sklenice-na-vino","9":"product_cat-podle-materialu","10":"product_cat-sklo","11":"product_cat-podle-vyrobce","12":"product_cat-sklenice-a-sklenene-nadobi","13":"product_cat-vino","14":"pa_mikrovlnka-ano-cs","15":"pa_okrasny-karton-nie-cs","16":"pa_priemer-produktu-cm-8-0-cs","17":"pa_umyvacka-ano-cs","18":"pa_vyrobca-krosno-cs","20":"first","21":"instock","22":"sale","23":"taxable","24":"shipping-taxable","25":"purchasable","26":"product-type-simple"},"acf":[],"tiered_pricing_type":"percentage","tiered_pricing_fixed_rules":[],"tiered_pricing_product_settings":{"layout":"default","base_unit_name":{"singular":null,"plural":null},"default_variation":null},"tiered_pricing_minimum_quantity":null,"tiered_pricing_roles_data":[],"tiered_pricing_percentage_rules":[],"tiered_pricing_maximum_quantity":null,"tiered_pricing_quantity_step":null,"_links":{"self":[{"href":"https:\/\/pohariky.sk\/cs\/wp-json\/wp\/v2\/product\/24112","targetHints":{"allow":["GET"]}}],"collection":[{"href":"https:\/\/pohariky.sk\/cs\/wp-json\/wp\/v2\/product"}],"about":[{"href":"https:\/\/pohariky.sk\/cs\/wp-json\/wp\/v2\/types\/product"}],"replies":[{"embeddable":true,"href":"https:\/\/pohariky.sk\/cs\/wp-json\/wp\/v2\/comments?post=24112"}],"version-history":[{"count":0,"href":"https:\/\/pohariky.sk\/cs\/wp-json\/wp\/v2\/product\/24112\/revisions"}],"wp:featuredmedia":[{"embeddable":true,"href":"https:\/\/pohariky.sk\/cs\/wp-json\/wp\/v2\/media\/41261"}],"wp:attachment":[{"href":"https:\/\/pohariky.sk\/cs\/wp-json\/wp\/v2\/media?parent=24112"}],"wp:term":[{"taxonomy":"product_brand","embeddable":true,"href":"https:\/\/pohariky.sk\/cs\/wp-json\/wp\/v2\/product_brand?post=24112"},{"taxonomy":"product_cat","embeddable":true,"href":"https:\/\/pohariky.sk\/cs\/wp-json\/wp\/v2\/product_cat?post=24112"},{"taxonomy":"product_tag","embeddable":true,"href":"https:\/\/pohariky.sk\/cs\/wp-json\/wp\/v2\/product_tag?post=24112"}],"curies":[{"name":"wp","href":"https:\/\/api.w.org\/{rel}","templated":true}]}}