{"id":24027,"date":"2025-11-06T13:13:10","date_gmt":"2025-11-06T12:13:10","guid":{"rendered":"https:\/\/pohariky.sk\/tokijska-misa-160-mm\/"},"modified":"2024-03-20T15:46:20","modified_gmt":"2024-03-20T14:46:20","slug":"tokijska-misa-160-mm","status":"publish","type":"product","link":"https:\/\/pohariky.sk\/cs\/tokijska-misa-160-mm\/","title":{"rendered":"Tokijsk\u00e1 m\u00edsa 160 mm"},"content":{"rendered":"<p>V\u00edce\u00fa\u010delov\u00e1 m\u011bl\u010d\u00ed sklen\u011bn\u00e1 m\u00edsa \u010dtvercov\u00e9ho tvaru.<\/p>\n<table border=\"0\" cellpadding=\"0\" cellspacing=\"0\" width=\"212\">\n<colgroup>\n<col>\n<col>\n\t<\/colgroup>\n<tbody>\n<tr height=\"20\">\n<td height=\"20\" style=\"width: 104px; height: 20px;\"><strong>&nbsp;M\u00edsa<\/strong><\/td>\n<td style=\"width: 108px;\">&nbsp;<\/td>\n<\/tr>\n<tr height=\"20\">\n<td height=\"20\" style=\"height: 20px;\">&nbsp;Pr\u016fm\u011br<\/td>\n<td>&nbsp;160 mm<\/td>\n<\/tr>\n<tr height=\"20\">\n<td height=\"20\" style=\"height: 20px;\">&nbsp;V\u00fd\u0161ka&nbsp;<\/td>\n<td>&nbsp;55 mm&nbsp;<\/td>\n<\/tr>\n<tr height=\"20\">\n<td height=\"20\" style=\"height: 20px;\"><strong>&nbsp;Balen\u00ed&nbsp;<\/strong><\/td>\n<td>&nbsp;6 ks&nbsp;<\/td>\n<\/tr>\n<tr height=\"20\">\n<td height=\"20\" style=\"height: 20px;\"><strong>&nbsp;V\u00fdrobce&nbsp;<\/strong><\/td>\n<td>&nbsp;Pasabahce&nbsp;<\/td>\n<\/tr>\n<\/tbody>\n<\/table>\n","protected":false},"excerpt":{"rendered":"<p>V\u00edce\u00fa\u010delov\u00e1 m\u011bl\u010d\u00ed sklen\u011bn\u00e1 m\u00edsa \u010dtvercov\u00e9ho tvaru.<\/p>\n<p>\t\t\t&nbsp;M\u00edsa<br \/>\n\t\t\t&nbsp;<\/p>\n<p>\t\t\t&nbsp;<br \/>\n\t\t\t&nbsp;Pr\u016fm\u011br 160 mm&#8230;<\/p>\n","protected":false},"featured_media":40843,"comment_status":"closed","ping_status":"open","template":"","meta":{"_acf_changed":false},"product_brand":[],"product_cat":[1077,1126,1076,1138,1094,1163,1242],"product_tag":[],"class_list":{"0":"post-24027","1":"product","2":"type-product","3":"status-publish","4":"has-post-thumbnail","6":"product_cat-podle-materialu","7":"product_cat-sklo","8":"product_cat-podle-vyrobce","9":"product_cat-pasabahce-cs","10":"product_cat-sklenice-a-sklenene-nadobi","11":"product_cat-prislusenstvi-a-dalsi","12":"product_cat-misky-a-nadobi","13":"pa_mikrovlnka-ano-cs","14":"pa_okrasny-karton-ano-cs","15":"pa_umyvacka-ano-cs","16":"pa_vyrobca-pasabahce-cs","18":"first","19":"instock","20":"sale","21":"taxable","22":"shipping-taxable","23":"purchasable","24":"product-type-simple"},"acf":[],"tiered_pricing_type":"percentage","tiered_pricing_fixed_rules":[],"tiered_pricing_product_settings":{"layout":"default","base_unit_name":{"singular":null,"plural":null},"default_variation":null},"tiered_pricing_minimum_quantity":null,"tiered_pricing_roles_data":[],"tiered_pricing_percentage_rules":[],"tiered_pricing_maximum_quantity":null,"tiered_pricing_quantity_step":null,"_links":{"self":[{"href":"https:\/\/pohariky.sk\/cs\/wp-json\/wp\/v2\/product\/24027","targetHints":{"allow":["GET"]}}],"collection":[{"href":"https:\/\/pohariky.sk\/cs\/wp-json\/wp\/v2\/product"}],"about":[{"href":"https:\/\/pohariky.sk\/cs\/wp-json\/wp\/v2\/types\/product"}],"replies":[{"embeddable":true,"href":"https:\/\/pohariky.sk\/cs\/wp-json\/wp\/v2\/comments?post=24027"}],"version-history":[{"count":0,"href":"https:\/\/pohariky.sk\/cs\/wp-json\/wp\/v2\/product\/24027\/revisions"}],"wp:featuredmedia":[{"embeddable":true,"href":"https:\/\/pohariky.sk\/cs\/wp-json\/wp\/v2\/media\/40843"}],"wp:attachment":[{"href":"https:\/\/pohariky.sk\/cs\/wp-json\/wp\/v2\/media?parent=24027"}],"wp:term":[{"taxonomy":"product_brand","embeddable":true,"href":"https:\/\/pohariky.sk\/cs\/wp-json\/wp\/v2\/product_brand?post=24027"},{"taxonomy":"product_cat","embeddable":true,"href":"https:\/\/pohariky.sk\/cs\/wp-json\/wp\/v2\/product_cat?post=24027"},{"taxonomy":"product_tag","embeddable":true,"href":"https:\/\/pohariky.sk\/cs\/wp-json\/wp\/v2\/product_tag?post=24027"}],"curies":[{"name":"wp","href":"https:\/\/api.w.org\/{rel}","templated":true}]}}