{"id":23595,"date":"2025-11-06T13:18:03","date_gmt":"2025-11-06T12:18:03","guid":{"rendered":"https:\/\/pohariky.sk\/talir-na-testoviny-285-cm\/"},"modified":"2024-03-20T15:53:20","modified_gmt":"2024-03-20T14:53:20","slug":"talir-na-testoviny-285-cm","status":"publish","type":"product","link":"https:\/\/pohariky.sk\/cs\/talir-na-testoviny-285-cm\/","title":{"rendered":"Tal\u00ed\u0159 na t\u011bstoviny 28,5 cm"},"content":{"rendered":"<p>Tal\u00ed\u0159 na t\u011bstoviny z kr\u00e1sn\u00e9ho b\u00edl\u00e9ho op\u00e1lov\u00e9ho skla. Velmi decentn\u00ed design za vynikaj\u00edc\u00ed cenu. <\/p>\n<table border=\"0\" cellpadding=\"0\" cellspacing=\"0\" width=\"199\">\n<colgroup>\n<col>\n<col>\n\t<\/colgroup>\n<tbody>\n<tr height=\"20\">\n<td height=\"20\" style=\"width: 65px; height: 20px;\"><strong>&nbsp;Deska  <\/strong><\/td>\n<td style=\"width: 135px;\">&nbsp;<\/td>\n<\/tr>\n<tr height=\"20\">\n<td height=\"20\" style=\"height: 20px;\">&nbsp;Pr\u016fm\u011br<\/td>\n<td>&nbsp;285 mm<\/td>\n<\/tr>\n<tr height=\"20\">\n<td height=\"20\" style=\"height: 20px;\">&nbsp;barva&nbsp;<\/td>\n<td>&nbsp;B\u00edl\u00e1&nbsp;<\/td>\n<\/tr>\n<tr height=\"20\">\n<td height=\"20\" style=\"height: 20px;\"><strong>&nbsp;Balen\u00ed&nbsp;<\/strong><\/td>\n<td>&nbsp;12 ks&nbsp;<\/td>\n<\/tr>\n<tr height=\"20\">\n<td height=\"20\" style=\"height: 20px;\"><strong>&nbsp;V\u00fdrobce&nbsp;<\/strong><\/td>\n<td>&nbsp;Luminarc<\/td>\n<\/tr>\n<\/tbody>\n<\/table>\n","protected":false},"excerpt":{"rendered":"<p>Tal\u00ed\u0159 na t\u011bstoviny z kr\u00e1sn\u00e9ho b\u00edl\u00e9ho op\u00e1lov\u00e9ho skla. Velmi decentn\u00ed design za vynikaj\u00edc\u00ed cenu. <\/p>\n<p>\t\t\t&nbsp;<br \/>\n\t\t\t&nbsp;Deska &#8230;<\/p>\n","protected":false},"featured_media":41167,"comment_status":"closed","ping_status":"open","template":"","meta":{"_acf_changed":false},"product_brand":[],"product_cat":[1422,1077,1243,1174,1076,1081,1094,1158],"product_tag":[],"class_list":{"0":"post-23595","1":"product","2":"type-product","3":"status-publish","4":"has-post-thumbnail","6":"product_cat-opalove-desky","7":"product_cat-podle-materialu","8":"product_cat-opalove-sklo-cs","9":"product_cat-porcelan","10":"product_cat-podle-vyrobce","11":"product_cat-dalsi","12":"product_cat-sklenice-a-sklenene-nadobi","13":"product_cat-desky","14":"pa_mikrovlnka-ano-cs","15":"pa_okrasny-karton-nie-cs","16":"pa_umyvacka-ano-cs","18":"first","19":"instock","20":"sale","21":"taxable","22":"shipping-taxable","23":"purchasable","24":"product-type-simple"},"acf":[],"tiered_pricing_type":"percentage","tiered_pricing_fixed_rules":[],"tiered_pricing_product_settings":{"layout":"default","base_unit_name":{"singular":null,"plural":null},"default_variation":null},"tiered_pricing_minimum_quantity":null,"tiered_pricing_roles_data":[],"tiered_pricing_percentage_rules":[],"tiered_pricing_maximum_quantity":null,"tiered_pricing_quantity_step":null,"_links":{"self":[{"href":"https:\/\/pohariky.sk\/cs\/wp-json\/wp\/v2\/product\/23595","targetHints":{"allow":["GET"]}}],"collection":[{"href":"https:\/\/pohariky.sk\/cs\/wp-json\/wp\/v2\/product"}],"about":[{"href":"https:\/\/pohariky.sk\/cs\/wp-json\/wp\/v2\/types\/product"}],"replies":[{"embeddable":true,"href":"https:\/\/pohariky.sk\/cs\/wp-json\/wp\/v2\/comments?post=23595"}],"version-history":[{"count":0,"href":"https:\/\/pohariky.sk\/cs\/wp-json\/wp\/v2\/product\/23595\/revisions"}],"wp:featuredmedia":[{"embeddable":true,"href":"https:\/\/pohariky.sk\/cs\/wp-json\/wp\/v2\/media\/41167"}],"wp:attachment":[{"href":"https:\/\/pohariky.sk\/cs\/wp-json\/wp\/v2\/media?parent=23595"}],"wp:term":[{"taxonomy":"product_brand","embeddable":true,"href":"https:\/\/pohariky.sk\/cs\/wp-json\/wp\/v2\/product_brand?post=23595"},{"taxonomy":"product_cat","embeddable":true,"href":"https:\/\/pohariky.sk\/cs\/wp-json\/wp\/v2\/product_cat?post=23595"},{"taxonomy":"product_tag","embeddable":true,"href":"https:\/\/pohariky.sk\/cs\/wp-json\/wp\/v2\/product_tag?post=23595"}],"curies":[{"name":"wp","href":"https:\/\/api.w.org\/{rel}","templated":true}]}}