{"id":23057,"date":"2025-11-06T18:37:47","date_gmt":"2025-11-06T17:37:47","guid":{"rendered":"https:\/\/pohariky.sk\/servirovaci-podlozka-city-zelena\/"},"modified":"2025-11-18T11:01:31","modified_gmt":"2025-11-18T10:01:31","slug":"servirovaci-podlozka-city-zelena","status":"publish","type":"product","link":"https:\/\/pohariky.sk\/cs\/servirovaci-podlozka-city-zelena\/","title":{"rendered":"Serv\u00edrovac\u00ed podlo\u017eka &#8220;City&#8221; &#8211; zelen\u00e1"},"content":{"rendered":"<p>Polypropylenov\u00e1 serv\u00edrovac\u00ed podlo\u017eka \u0159ady City se \u010dtvercovou strukturou. Velmi p\u0159\u00edjemn\u00e1 na dotek, p\u0159ipom\u00ednaj\u00edc\u00ed textil.<\/p>\n<p> Rozm\u011br: 30 x 45 cm Barva: zelen\u00e1 <\/p>\n","protected":false},"excerpt":{"rendered":"<p>Polypropylenov\u00e1 serv\u00edrovac\u00ed podlo\u017eka \u0159ady City se \u010dtvercovou strukturou. Velmi p\u0159\u00edjemn\u00e1 na dotek, p\u0159ipom\u00ednaj\u00edc\u00ed textil. Rozm\u011br: 30 x 45 cm&#8230;  <\/p>\n","protected":false},"featured_media":45922,"comment_status":"closed","ping_status":"closed","template":"","meta":{"_acf_changed":false},"product_brand":[],"product_cat":[1512,1078,1097,1077,1090,1076,1081],"product_tag":[],"class_list":{"0":"post-23057","1":"product","2":"type-product","3":"status-publish","4":"has-post-thumbnail","6":"product_cat-servirovaci-podlozky","7":"product_cat-gastro-potreby-cs","8":"product_cat-servirovani-a-stolovani","9":"product_cat-podle-materialu","10":"product_cat-plastove-cs","11":"product_cat-podle-vyrobce","12":"product_cat-dalsi","13":"pa_mikrovlnka-nie-cs","14":"pa_okrasny-karton-nie-cs","15":"pa_umyvacka-nie-cs","17":"first","18":"instock","19":"sale","20":"taxable","21":"shipping-taxable","22":"purchasable","23":"product-type-simple"},"acf":[],"tiered_pricing_type":"percentage","tiered_pricing_fixed_rules":[],"tiered_pricing_product_settings":{"layout":"default","base_unit_name":{"singular":null,"plural":null},"default_variation":null},"tiered_pricing_minimum_quantity":null,"tiered_pricing_roles_data":[],"tiered_pricing_percentage_rules":[],"tiered_pricing_maximum_quantity":null,"tiered_pricing_quantity_step":null,"_links":{"self":[{"href":"https:\/\/pohariky.sk\/cs\/wp-json\/wp\/v2\/product\/23057","targetHints":{"allow":["GET"]}}],"collection":[{"href":"https:\/\/pohariky.sk\/cs\/wp-json\/wp\/v2\/product"}],"about":[{"href":"https:\/\/pohariky.sk\/cs\/wp-json\/wp\/v2\/types\/product"}],"replies":[{"embeddable":true,"href":"https:\/\/pohariky.sk\/cs\/wp-json\/wp\/v2\/comments?post=23057"}],"version-history":[{"count":1,"href":"https:\/\/pohariky.sk\/cs\/wp-json\/wp\/v2\/product\/23057\/revisions"}],"predecessor-version":[{"id":24961,"href":"https:\/\/pohariky.sk\/cs\/wp-json\/wp\/v2\/product\/23057\/revisions\/24961"}],"wp:featuredmedia":[{"embeddable":true,"href":"https:\/\/pohariky.sk\/cs\/wp-json\/wp\/v2\/media\/45922"}],"wp:attachment":[{"href":"https:\/\/pohariky.sk\/cs\/wp-json\/wp\/v2\/media?parent=23057"}],"wp:term":[{"taxonomy":"product_brand","embeddable":true,"href":"https:\/\/pohariky.sk\/cs\/wp-json\/wp\/v2\/product_brand?post=23057"},{"taxonomy":"product_cat","embeddable":true,"href":"https:\/\/pohariky.sk\/cs\/wp-json\/wp\/v2\/product_cat?post=23057"},{"taxonomy":"product_tag","embeddable":true,"href":"https:\/\/pohariky.sk\/cs\/wp-json\/wp\/v2\/product_tag?post=23057"}],"curies":[{"name":"wp","href":"https:\/\/api.w.org\/{rel}","templated":true}]}}