{"id":22923,"date":"2025-11-06T18:13:55","date_gmt":"2025-11-06T17:13:55","guid":{"rendered":"https:\/\/pohariky.sk\/ovalne-sitko-90\/"},"modified":"2025-11-18T10:54:32","modified_gmt":"2025-11-18T09:54:32","slug":"ovalne-sitko-90","status":"publish","type":"product","link":"https:\/\/pohariky.sk\/cs\/ovalne-sitko-90\/","title":{"rendered":"Ov\u00e1ln\u00e9 s\u00edtko 90"},"content":{"rendered":"<p>Jemn\u00e9 ov\u00e1ln\u00e9 s\u00edtko z nerezov\u00e9 oceli pro zachycen\u00ed jemn\u00fdch ne\u010distot.<\/p>\n<ul>\n<li><strong>Pr\u016fm\u011br<\/strong>: 90 mm<\/li>\n<\/ul>\n","protected":false},"excerpt":{"rendered":"<p>Jemn\u00e9 ov\u00e1ln\u00e9 s\u00edtko z nerezov\u00e9 oceli pro zachycen\u00ed jemn\u00fdch ne\u010distot. Pr\u016fm\u011br: 90 mm<\/p>\n","protected":false},"featured_media":45586,"comment_status":"closed","ping_status":"closed","template":"","meta":{"_acf_changed":false},"product_brand":[],"product_cat":[1078,1083,1169,1216,1077,1080,1076,1104],"product_tag":[],"class_list":{"0":"post-22923","1":"product","2":"type-product","3":"status-publish","4":"has-post-thumbnail","6":"product_cat-gastro-potreby-cs","7":"product_cat-barmanske-nastroje","8":"product_cat-kuchyne","9":"product_cat-sita-a-cedniky","10":"product_cat-podle-materialu","11":"product_cat-kov-a-nerezova-ocel-cs","12":"product_cat-podle-vyrobce","13":"product_cat-piazza-cs","14":"pa_mikrovlnka-nie-cs","15":"pa_okrasny-karton-nie-cs","16":"pa_umyvacka-ano-cs","17":"pa_vyrobca-piazza-cs","19":"first","20":"instock","21":"taxable","22":"shipping-taxable","23":"purchasable","24":"product-type-simple"},"acf":[],"tiered_pricing_type":"percentage","tiered_pricing_fixed_rules":[],"tiered_pricing_product_settings":{"layout":"default","base_unit_name":{"singular":null,"plural":null},"default_variation":null},"tiered_pricing_minimum_quantity":null,"tiered_pricing_roles_data":[],"tiered_pricing_percentage_rules":{"2":"5","3":"10"},"tiered_pricing_maximum_quantity":null,"tiered_pricing_quantity_step":null,"_links":{"self":[{"href":"https:\/\/pohariky.sk\/cs\/wp-json\/wp\/v2\/product\/22923","targetHints":{"allow":["GET"]}}],"collection":[{"href":"https:\/\/pohariky.sk\/cs\/wp-json\/wp\/v2\/product"}],"about":[{"href":"https:\/\/pohariky.sk\/cs\/wp-json\/wp\/v2\/types\/product"}],"replies":[{"embeddable":true,"href":"https:\/\/pohariky.sk\/cs\/wp-json\/wp\/v2\/comments?post=22923"}],"version-history":[{"count":1,"href":"https:\/\/pohariky.sk\/cs\/wp-json\/wp\/v2\/product\/22923\/revisions"}],"predecessor-version":[{"id":24870,"href":"https:\/\/pohariky.sk\/cs\/wp-json\/wp\/v2\/product\/22923\/revisions\/24870"}],"wp:featuredmedia":[{"embeddable":true,"href":"https:\/\/pohariky.sk\/cs\/wp-json\/wp\/v2\/media\/45586"}],"wp:attachment":[{"href":"https:\/\/pohariky.sk\/cs\/wp-json\/wp\/v2\/media?parent=22923"}],"wp:term":[{"taxonomy":"product_brand","embeddable":true,"href":"https:\/\/pohariky.sk\/cs\/wp-json\/wp\/v2\/product_brand?post=22923"},{"taxonomy":"product_cat","embeddable":true,"href":"https:\/\/pohariky.sk\/cs\/wp-json\/wp\/v2\/product_cat?post=22923"},{"taxonomy":"product_tag","embeddable":true,"href":"https:\/\/pohariky.sk\/cs\/wp-json\/wp\/v2\/product_tag?post=22923"}],"curies":[{"name":"wp","href":"https:\/\/api.w.org\/{rel}","templated":true}]}}