{"id":22896,"date":"2025-11-06T18:13:24","date_gmt":"2025-11-06T17:13:24","guid":{"rendered":"https:\/\/pohariky.sk\/nadoba-na-led-se-stojanem-restaurace-60-l\/"},"modified":"2025-11-18T10:54:25","modified_gmt":"2025-11-18T09:54:25","slug":"nadoba-na-led-se-stojanem-restaurace-60-l","status":"publish","type":"product","link":"https:\/\/pohariky.sk\/cs\/nadoba-na-led-se-stojanem-restaurace-60-l\/","title":{"rendered":"N\u00e1doba na led se stojanem Restaurace 6,0 l"},"content":{"rendered":"<p>Elegantn\u00ed chromovan\u00e1 n\u00e1doba na led (v\u00edno, sekt, \u0161ampa\u0148sk\u00e9, prosecco) se stojanem pro serv\u00edrov\u00e1n\u00ed na st\u016fl za bezkonkuren\u010dn\u00ed cenu. Vhodn\u00e9 pro pod\u00e1v\u00e1n\u00ed v\u00edna, \u0161ampa\u0148sk\u00e9ho, sektu nebo prosecca p\u0159\u00edmo na st\u016fl. N\u00e1dobu lze zakoupit samostatn\u011b a lze ji pou\u017e\u00edvat i samostatn\u011b bez stojanu.  <\/p>\n<ul>\n<li><strong>Objem<\/strong>: 6,0 l<\/li>\n<li><strong>Pr\u016fm\u011br horn\u00ed \u010d\u00e1sti:<\/strong> 20 cm<\/li>\n<li><strong>V\u00fd\u0161ka n\u00e1doby <\/strong>: 25,5 cm<\/li>\n<li><strong>V\u00fd\u0161ka se stojanem<\/strong>: 80 cm<\/li>\n<\/ul>\n","protected":false},"excerpt":{"rendered":"<p>Elegantn\u00ed chromovan\u00e1 n\u00e1doba na led (v\u00edno, sekt, \u0161ampa\u0148sk\u00e9, prosecco) se stojanem pro serv\u00edrov\u00e1n\u00ed na st\u016fl za bezkonkuren\u010dn\u00ed cenu. Vhodn\u00e9 pro&#8230; <\/p>\n","protected":false},"featured_media":42911,"comment_status":"closed","ping_status":"open","template":"","meta":{"_acf_changed":false},"product_brand":[],"product_cat":[1423,1424,1078,1097,1145,1143,1099,1077,1080,1076,1081,1094,1163,1142,1095],"product_tag":[],"class_list":{"0":"post-22896","1":"product","2":"type-product","3":"status-publish","4":"has-post-thumbnail","6":"product_cat-chladice-vina","7":"product_cat-chlazeni-vina","8":"product_cat-gastro-potreby-cs","9":"product_cat-servirovani-a-stolovani","10":"product_cat-nadoby-na-led-cs","11":"product_cat-podavani-alkoholu","12":"product_cat-podavani-vina","13":"product_cat-podle-materialu","14":"product_cat-kov-a-nerezova-ocel-cs","15":"product_cat-podle-vyrobce","16":"product_cat-dalsi","17":"product_cat-sklenice-a-sklenene-nadobi","18":"product_cat-prislusenstvi-a-dalsi","19":"product_cat-nadoby-na-led","20":"product_cat-vino","21":"pa_mikrovlnka-nie-cs","22":"pa_okrasny-karton-nie-cs","23":"pa_umyvacka-ano-cs","25":"first","26":"instock","27":"taxable","28":"shipping-taxable","29":"purchasable","30":"product-type-simple"},"acf":[],"tiered_pricing_type":"percentage","tiered_pricing_fixed_rules":[],"tiered_pricing_product_settings":{"layout":"default","base_unit_name":{"singular":null,"plural":null},"default_variation":null},"tiered_pricing_minimum_quantity":null,"tiered_pricing_roles_data":[],"tiered_pricing_percentage_rules":{"2":"5","3":"10"},"tiered_pricing_maximum_quantity":null,"tiered_pricing_quantity_step":null,"_links":{"self":[{"href":"https:\/\/pohariky.sk\/cs\/wp-json\/wp\/v2\/product\/22896","targetHints":{"allow":["GET"]}}],"collection":[{"href":"https:\/\/pohariky.sk\/cs\/wp-json\/wp\/v2\/product"}],"about":[{"href":"https:\/\/pohariky.sk\/cs\/wp-json\/wp\/v2\/types\/product"}],"replies":[{"embeddable":true,"href":"https:\/\/pohariky.sk\/cs\/wp-json\/wp\/v2\/comments?post=22896"}],"version-history":[{"count":1,"href":"https:\/\/pohariky.sk\/cs\/wp-json\/wp\/v2\/product\/22896\/revisions"}],"predecessor-version":[{"id":25348,"href":"https:\/\/pohariky.sk\/cs\/wp-json\/wp\/v2\/product\/22896\/revisions\/25348"}],"wp:featuredmedia":[{"embeddable":true,"href":"https:\/\/pohariky.sk\/cs\/wp-json\/wp\/v2\/media\/42911"}],"wp:attachment":[{"href":"https:\/\/pohariky.sk\/cs\/wp-json\/wp\/v2\/media?parent=22896"}],"wp:term":[{"taxonomy":"product_brand","embeddable":true,"href":"https:\/\/pohariky.sk\/cs\/wp-json\/wp\/v2\/product_brand?post=22896"},{"taxonomy":"product_cat","embeddable":true,"href":"https:\/\/pohariky.sk\/cs\/wp-json\/wp\/v2\/product_cat?post=22896"},{"taxonomy":"product_tag","embeddable":true,"href":"https:\/\/pohariky.sk\/cs\/wp-json\/wp\/v2\/product_tag?post=22896"}],"curies":[{"name":"wp","href":"https:\/\/api.w.org\/{rel}","templated":true}]}}