{"id":22867,"date":"2025-11-06T17:58:17","date_gmt":"2025-11-06T16:58:17","guid":{"rendered":"https:\/\/pohariky.sk\/stredovy-pas-dunicel-040x24m-cernobily\/"},"modified":"2025-04-29T12:43:53","modified_gmt":"2025-04-29T10:43:53","slug":"stredovy-pas-dunicel-040x24m-cernobily","status":"publish","type":"product","link":"https:\/\/pohariky.sk\/cs\/stredovy-pas-dunicel-040x24m-cernobily\/","title":{"rendered":"St\u0159edov\u00fd p\u00e1s Dunicel (0,40x24m) &#8211; \u010cernob\u00edl\u00fd"},"content":{"rendered":"<p>St\u0159edov\u00e1 li\u0161ta (T\u00e9te \u00e1 T\u00e9te) pro profesion\u00e1ln\u00ed a stylov\u00e9 prost\u00edr\u00e1n\u00ed stolu z m\u011bkk\u00e9ho, ale pevn\u00e9ho materi\u00e1lu Dunicel.<br \/>  Krom\u011b pou\u017eit\u00ed jako st\u0159edov\u00e9ho p\u00e1su jej lze pou\u017e\u00edt i k pod\u00e1v\u00e1n\u00ed naproti sob\u011b, co\u017e umo\u017e\u0148uje perforaci ka\u017ed\u00fdch 120 cm.<br \/>  Dunicel\u00ae &#8211; je pr\u00e9miov\u00fd materi\u00e1l o hmotnosti 140 g\/m2. Je vyroben patentovanou technologi\u00ed z t\u0159\u00edvrstv\u00fdch ubrousk\u016f. <\/p>\n<table border=\"0\" cellpadding=\"0\" cellspacing=\"0\" width=\"238\">\n<colgroup>\n<col>\n<col>\n\t<\/colgroup>\n<tbody>\n<tr>\n<td height=\"20\" style=\"width: 104px;height: 20px\"><strong>&nbsp;St\u0159edov\u00fd p\u00e1s<\/strong><\/td>\n<td style=\"width: 108px\">&nbsp;<\/td>\n<\/tr>\n<tr>\n<td height=\"20\" style=\"height: 20px\">&nbsp;Rozm\u011br<\/td>\n<td>&nbsp;0,4&#215;24 m&nbsp;<\/td>\n<\/tr>\n<tr>\n<td height=\"20\" style=\"height: 20px\">&nbsp;Barva\/vzor<\/td>\n<td>&nbsp;\u010cern\u00e1 a b\u00edl\u00e1<\/td>\n<\/tr>\n<tr>\n<td height=\"20\" style=\"height: 20px\">&nbsp;<strong>V\u00fdrobce&nbsp;<\/strong><\/td>\n<td>&nbsp;Duni<\/td>\n<\/tr>\n<\/tbody>\n<\/table>\n","protected":false},"excerpt":{"rendered":"<p>St\u0159edov\u00e1 li\u0161ta (T\u00e9te \u00e1 T\u00e9te) pro profesion\u00e1ln\u00ed a stylov\u00e9 prost\u00edr\u00e1n\u00ed stolu z m\u011bkk\u00e9ho, ale pevn\u00e9ho materi\u00e1lu Dunicel&#8230;.<\/p>\n","protected":false},"featured_media":42195,"comment_status":"closed","ping_status":"open","template":"","meta":{"_acf_changed":false},"product_brand":[],"product_cat":[1363,1077,1151,1076,1089,1091],"product_tag":[],"class_list":{"0":"post-22867","1":"product","2":"type-product","3":"status-publish","4":"has-post-thumbnail","6":"product_cat-stredove-pasy-cs","7":"product_cat-podle-materialu","8":"product_cat-papir-a-netkane-textilie","9":"product_cat-podle-vyrobce","10":"product_cat-duni-cs","11":"product_cat-spotrebni-zbozi","12":"pa_vyrobca-duni-cs","14":"first","15":"instock","16":"sale","17":"taxable","18":"shipping-taxable","19":"purchasable","20":"product-type-simple"},"acf":[],"tiered_pricing_type":"percentage","tiered_pricing_fixed_rules":[],"tiered_pricing_product_settings":{"layout":"default","base_unit_name":{"singular":null,"plural":null},"default_variation":null},"tiered_pricing_minimum_quantity":null,"tiered_pricing_roles_data":[],"tiered_pricing_percentage_rules":[],"tiered_pricing_maximum_quantity":null,"tiered_pricing_quantity_step":null,"_links":{"self":[{"href":"https:\/\/pohariky.sk\/cs\/wp-json\/wp\/v2\/product\/22867","targetHints":{"allow":["GET"]}}],"collection":[{"href":"https:\/\/pohariky.sk\/cs\/wp-json\/wp\/v2\/product"}],"about":[{"href":"https:\/\/pohariky.sk\/cs\/wp-json\/wp\/v2\/types\/product"}],"replies":[{"embeddable":true,"href":"https:\/\/pohariky.sk\/cs\/wp-json\/wp\/v2\/comments?post=22867"}],"version-history":[{"count":2,"href":"https:\/\/pohariky.sk\/cs\/wp-json\/wp\/v2\/product\/22867\/revisions"}],"predecessor-version":[{"id":34563,"href":"https:\/\/pohariky.sk\/cs\/wp-json\/wp\/v2\/product\/22867\/revisions\/34563"}],"wp:featuredmedia":[{"embeddable":true,"href":"https:\/\/pohariky.sk\/cs\/wp-json\/wp\/v2\/media\/42195"}],"wp:attachment":[{"href":"https:\/\/pohariky.sk\/cs\/wp-json\/wp\/v2\/media?parent=22867"}],"wp:term":[{"taxonomy":"product_brand","embeddable":true,"href":"https:\/\/pohariky.sk\/cs\/wp-json\/wp\/v2\/product_brand?post=22867"},{"taxonomy":"product_cat","embeddable":true,"href":"https:\/\/pohariky.sk\/cs\/wp-json\/wp\/v2\/product_cat?post=22867"},{"taxonomy":"product_tag","embeddable":true,"href":"https:\/\/pohariky.sk\/cs\/wp-json\/wp\/v2\/product_tag?post=22867"}],"curies":[{"name":"wp","href":"https:\/\/api.w.org\/{rel}","templated":true}]}}