{"id":22790,"date":"2025-11-06T17:49:55","date_gmt":"2025-11-06T16:49:55","guid":{"rendered":"https:\/\/pohariky.sk\/ubrousky-dunilin-vino-50-ks-40x40-cm\/"},"modified":"2025-04-29T12:41:42","modified_gmt":"2025-04-29T10:41:42","slug":"ubrousky-dunilin-vino-50-ks-40x40-cm","status":"publish","type":"product","link":"https:\/\/pohariky.sk\/cs\/ubrousky-dunilin-vino-50-ks-40x40-cm\/","title":{"rendered":"Ubrousky Dunilin Vino (50 ks, 40&#215;40 cm)"},"content":{"rendered":"<p>Ubrousky z netkan\u00e9 textilie Dunilin, kter\u00e1 je vynikaj\u00edc\u00ed pro dekorativn\u00ed skl\u00e1d\u00e1n\u00ed. Dunilin na prvn\u00ed pohled vypad\u00e1 jako l\u00e1tka, je to pevn\u00fd materi\u00e1l, p\u0159\u00edjemn\u00fd na dotek a m\u00e1 vysokou savost. <br \/>  Jednobarevn\u00e9 ubrousky jsou vhodn\u00e9 pro vytvo\u0159en\u00ed pot\u0159ebn\u00e9 atmosf\u00e9ry pro danou p\u0159\u00edle\u017eitost. Pat\u0159\u00ed k z\u00e1kladn\u00edm produkt\u016fm p\u0159i v\u00fdzdob\u011b a prost\u00edr\u00e1n\u00ed stolu. <br \/>  Dunilin\u00ae &#8211; je netkan\u00e1 textilie o hmotnosti 70 g\/m2. Je vyrobena z materi\u00e1lu Tissue (ubrousek) patentovanou technologi\u00ed. <\/p>\n<table border=\"0\" cellpadding=\"0\" cellspacing=\"0\" width=\"238\">\n<colgroup>\n<col>\n<col>\n\t<\/colgroup>\n<tbody>\n<tr>\n<td height=\"20\" style=\"width: 104px;height: 20px\"><b>&nbsp;Ubrousky<\/b><\/td>\n<td style=\"width: 108px\">&nbsp;<\/td>\n<\/tr>\n<tr>\n<td height=\"20\" style=\"height: 20px\">&nbsp;Velikost ubrousku<\/td>\n<td>&nbsp;400&#215;400 mm&nbsp;<\/td>\n<\/tr>\n<tr>\n<td height=\"20\" style=\"height: 20px\">&nbsp;Rozm\u011br slo\u017een\u00fd<\/td>\n<td>&nbsp;200&#215;200 mm<\/td>\n<\/tr>\n<tr>\n<td height=\"20\" style=\"height: 20px\">&nbsp;Skl\u00e1dac\u00ed<\/td>\n<td>&nbsp;1\/4<\/td>\n<\/tr>\n<tr>\n<td height=\"20\" style=\"height: 20px\">&nbsp;Uk\u00e1zka<\/td>\n<td>&nbsp;V\u00edno<\/td>\n<\/tr>\n<tr>\n<td height=\"20\" style=\"height: 20px\">&nbsp;Balen\u00ed<\/td>\n<td>&nbsp;50 ks&nbsp;<\/td>\n<\/tr>\n<tr>\n<td height=\"20\" style=\"height: 20px\"><strong>&nbsp;V\u00fdrobce&nbsp;<\/strong><\/td>\n<td>&nbsp;Duni<\/td>\n<\/tr>\n<\/tbody>\n<\/table>\n","protected":false},"excerpt":{"rendered":"<p>Ubrousky z netkan\u00e9 textilie Dunilin, kter\u00e1 je vynikaj\u00edc\u00ed pro dekorativn\u00ed skl\u00e1d\u00e1n\u00ed. Dunilin na prvn\u00ed pohled vypad\u00e1 jako tkanina, je to&#8230; <\/p>\n","protected":false},"featured_media":41654,"comment_status":"closed","ping_status":"open","template":"","meta":{"_acf_changed":false},"product_brand":[],"product_cat":[1077,1151,1076,1089,1091,1234],"product_tag":[],"class_list":{"0":"post-22790","1":"product","2":"type-product","3":"status-publish","4":"has-post-thumbnail","6":"product_cat-podle-materialu","7":"product_cat-papir-a-netkane-textilie","8":"product_cat-podle-vyrobce","9":"product_cat-duni-cs","10":"product_cat-spotrebni-zbozi","11":"product_cat-luxusni-ubrousky","12":"pa_okrasny-karton-nie-cs","13":"pa_vyrobca-duni-cs","15":"first","16":"instock","17":"sale","18":"taxable","19":"shipping-taxable","20":"purchasable","21":"product-type-simple"},"acf":[],"tiered_pricing_type":"percentage","tiered_pricing_fixed_rules":[],"tiered_pricing_product_settings":{"layout":"default","base_unit_name":{"singular":null,"plural":null},"default_variation":null},"tiered_pricing_minimum_quantity":null,"tiered_pricing_roles_data":[],"tiered_pricing_percentage_rules":[],"tiered_pricing_maximum_quantity":null,"tiered_pricing_quantity_step":null,"_links":{"self":[{"href":"https:\/\/pohariky.sk\/cs\/wp-json\/wp\/v2\/product\/22790","targetHints":{"allow":["GET"]}}],"collection":[{"href":"https:\/\/pohariky.sk\/cs\/wp-json\/wp\/v2\/product"}],"about":[{"href":"https:\/\/pohariky.sk\/cs\/wp-json\/wp\/v2\/types\/product"}],"replies":[{"embeddable":true,"href":"https:\/\/pohariky.sk\/cs\/wp-json\/wp\/v2\/comments?post=22790"}],"version-history":[{"count":2,"href":"https:\/\/pohariky.sk\/cs\/wp-json\/wp\/v2\/product\/22790\/revisions"}],"predecessor-version":[{"id":34462,"href":"https:\/\/pohariky.sk\/cs\/wp-json\/wp\/v2\/product\/22790\/revisions\/34462"}],"wp:featuredmedia":[{"embeddable":true,"href":"https:\/\/pohariky.sk\/cs\/wp-json\/wp\/v2\/media\/41654"}],"wp:attachment":[{"href":"https:\/\/pohariky.sk\/cs\/wp-json\/wp\/v2\/media?parent=22790"}],"wp:term":[{"taxonomy":"product_brand","embeddable":true,"href":"https:\/\/pohariky.sk\/cs\/wp-json\/wp\/v2\/product_brand?post=22790"},{"taxonomy":"product_cat","embeddable":true,"href":"https:\/\/pohariky.sk\/cs\/wp-json\/wp\/v2\/product_cat?post=22790"},{"taxonomy":"product_tag","embeddable":true,"href":"https:\/\/pohariky.sk\/cs\/wp-json\/wp\/v2\/product_tag?post=22790"}],"curies":[{"name":"wp","href":"https:\/\/api.w.org\/{rel}","templated":true}]}}