{"id":18059,"date":"2025-11-06T18:20:58","date_gmt":"2025-11-06T17:20:58","guid":{"rendered":"https:\/\/pohariky.sk\/sejkr-na-zlato-047-l\/"},"modified":"2025-11-18T10:56:49","modified_gmt":"2025-11-18T09:56:49","slug":"sejkr-na-zlato-047-l","status":"publish","type":"product","link":"https:\/\/pohariky.sk\/cs\/sejkr-na-zlato-047-l\/","title":{"rendered":"\u0160ejkr na zlato 0,47 l"},"content":{"rendered":"<p>Nerezov\u00fd vyv\u00e1\u017een\u00fd \u0161ejkr nebo jinak plechovka.<br \/>\nNej\u010dast\u011bji se pou\u017e\u00edv\u00e1 jako protikus na \u0161ejkry o objemu 0,85 a 0,90 l, ale zapad\u00e1 pom\u011brn\u011b hluboko, a proto jej nedoporu\u010dujeme.<br \/>\nLze jej pou\u017e\u00edt tak\u00e9 jako mini Boston, tj.<br \/>\nnap\u0159\u00edklad v kombinaci s kel\u00edmky Optiva Rocks 207ml nebo Casablanca 205ml, s nimi\u017e m\u016f\u017eete vytvo\u0159it dokonal\u00fd mini Boston nap\u0159\u00edklad pro m\u00edch\u00e1n\u00ed p\u0159\u00edmo z\u00e1kazn\u00edk\u016fm.<br \/>\nK tomuto \u00fa\u010delu lze pou\u017e\u00edt i mini plechovku o objemu 0,25 l (8 oz.).    <\/p>\n<ul>\n<li><strong>V\u00fd\u0161ka<\/strong>: 11,6 cm<\/li>\n<li><strong>Horn\u00ed pr\u016fm\u011br: <\/strong>8,2 cm<\/li>\n<li><strong>Pr\u016fm\u011br dna: <\/strong>5,8 cm<\/li>\n<li><strong>Objem<\/strong>: 0,47 l (16 oz.)<\/li>\n<li><strong>Barva<\/strong>: zlat\u00e1<\/li>\n<\/ul>\n","protected":false},"excerpt":{"rendered":"<p>Nerezov\u00fd vyv\u00e1\u017een\u00fd \u0161ejkr nebo jinak plechovka.<br \/>\nNej\u010dast\u011bji se pou\u017e\u00edv\u00e1 jako protikus na \u0161ejkry o objemu 0,85 a 0,90 l, ale zapad\u00e1 pom\u011brn\u011b&#8230;<\/p>\n","protected":false},"featured_media":15584,"comment_status":"closed","ping_status":"closed","template":"","meta":{"_acf_changed":false},"product_brand":[],"product_cat":[1078,1083,1187,1188,1077,1080,1076,1081],"product_tag":[],"class_list":{"0":"post-18059","1":"product","2":"type-product","3":"status-publish","4":"has-post-thumbnail","6":"product_cat-gastro-potreby-cs","7":"product_cat-barmanske-nastroje","8":"product_cat-shaker-cs","9":"product_cat-bostonsky-sejkr","10":"product_cat-podle-materialu","11":"product_cat-kov-a-nerezova-ocel-cs","12":"product_cat-podle-vyrobce","13":"product_cat-dalsi","14":"pa_mikrovlnka-nie-cs","15":"pa_objem-ml-470-cs","16":"pa_okrasny-karton-nie-cs","17":"pa_umyvacka-ano-cs","19":"first","20":"instock","21":"sale","22":"taxable","23":"shipping-taxable","24":"purchasable","25":"product-type-simple"},"acf":[],"tiered_pricing_type":"percentage","tiered_pricing_fixed_rules":[],"tiered_pricing_product_settings":{"layout":"default","base_unit_name":{"singular":null,"plural":null},"default_variation":null},"tiered_pricing_minimum_quantity":null,"tiered_pricing_roles_data":[],"tiered_pricing_percentage_rules":[],"tiered_pricing_maximum_quantity":null,"tiered_pricing_quantity_step":null,"_links":{"self":[{"href":"https:\/\/pohariky.sk\/cs\/wp-json\/wp\/v2\/product\/18059","targetHints":{"allow":["GET"]}}],"collection":[{"href":"https:\/\/pohariky.sk\/cs\/wp-json\/wp\/v2\/product"}],"about":[{"href":"https:\/\/pohariky.sk\/cs\/wp-json\/wp\/v2\/types\/product"}],"replies":[{"embeddable":true,"href":"https:\/\/pohariky.sk\/cs\/wp-json\/wp\/v2\/comments?post=18059"}],"version-history":[{"count":1,"href":"https:\/\/pohariky.sk\/cs\/wp-json\/wp\/v2\/product\/18059\/revisions"}],"predecessor-version":[{"id":22010,"href":"https:\/\/pohariky.sk\/cs\/wp-json\/wp\/v2\/product\/18059\/revisions\/22010"}],"wp:featuredmedia":[{"embeddable":true,"href":"https:\/\/pohariky.sk\/cs\/wp-json\/wp\/v2\/media\/15584"}],"wp:attachment":[{"href":"https:\/\/pohariky.sk\/cs\/wp-json\/wp\/v2\/media?parent=18059"}],"wp:term":[{"taxonomy":"product_brand","embeddable":true,"href":"https:\/\/pohariky.sk\/cs\/wp-json\/wp\/v2\/product_brand?post=18059"},{"taxonomy":"product_cat","embeddable":true,"href":"https:\/\/pohariky.sk\/cs\/wp-json\/wp\/v2\/product_cat?post=18059"},{"taxonomy":"product_tag","embeddable":true,"href":"https:\/\/pohariky.sk\/cs\/wp-json\/wp\/v2\/product_tag?post=18059"}],"curies":[{"name":"wp","href":"https:\/\/api.w.org\/{rel}","templated":true}]}}