{"id":17899,"date":"2025-11-06T18:26:30","date_gmt":"2025-11-06T17:26:30","guid":{"rendered":"https:\/\/pohariky.sk\/kladivkovy-otvirak-zluty\/"},"modified":"2025-11-18T10:58:48","modified_gmt":"2025-11-18T09:58:48","slug":"kladivkovy-otvirak-zluty","status":"publish","type":"product","link":"https:\/\/pohariky.sk\/cs\/kladivkovy-otvirak-zluty\/","title":{"rendered":"Klad\u00edvkov\u00fd otv\u00edr\u00e1k &#8211; \u017elut\u00fd"},"content":{"rendered":"<p>Dvojit\u00fd barmansk\u00fd otv\u00edr\u00e1k z nerezov\u00e9 oceli &#8211; rychlootv\u00edr\u00e1k s povrchovou \u00fapravou.<br \/>\nOtv\u00edr\u00e1k, kter\u00fd umo\u017e\u0148uje otev\u0159\u00edt dv\u011b l\u00e1hve najednou.<br \/>\nOtv\u00edr\u00e1k je za v\u00fdprodejovou cenu, proto\u017ee barva je velmi lehce po\u0161kr\u00e1ban\u00e1.<br \/>\nPo funk\u010dn\u00ed str\u00e1nce je otv\u00edr\u00e1k 100%.   <\/p>\n<ul>\n<li><strong>Barva<\/strong>: \u017elut\u00e1<\/li>\n<\/ul>\n","protected":false},"excerpt":{"rendered":"<p>Dvojit\u00fd barmansk\u00fd otv\u00edr\u00e1k z nerezov\u00e9 oceli &#8211; rychlootv\u00edr\u00e1k s povrchovou \u00fapravou.<br \/>\nOtv\u00edr\u00e1k, kter\u00fd umo\u017e\u0148uje otev\u0159\u00edt dv\u011b l\u00e1hve&#8230;<\/p>\n","protected":false},"featured_media":15344,"comment_status":"closed","ping_status":"closed","template":"","meta":{"_acf_changed":false},"product_brand":[],"product_cat":[1078,1083,1084,1086,1077,1080,1076,1081],"product_tag":[],"class_list":{"0":"post-17899","1":"product","2":"type-product","3":"status-publish","4":"has-post-thumbnail","6":"product_cat-gastro-potreby-cs","7":"product_cat-barmanske-nastroje","8":"product_cat-vyvrtky-a-otviraky","9":"product_cat-otevirace-barmanu","10":"product_cat-podle-materialu","11":"product_cat-kov-a-nerezova-ocel-cs","12":"product_cat-podle-vyrobce","13":"product_cat-dalsi","14":"pa_mikrovlnka-nie-cs","15":"pa_okrasny-karton-nie-cs","16":"pa_umyvacka-nie-cs","18":"first","19":"instock","20":"sale","21":"taxable","22":"shipping-taxable","23":"purchasable","24":"product-type-simple"},"acf":[],"tiered_pricing_type":"percentage","tiered_pricing_fixed_rules":[],"tiered_pricing_product_settings":{"layout":"default","base_unit_name":{"singular":null,"plural":null},"default_variation":null},"tiered_pricing_minimum_quantity":null,"tiered_pricing_roles_data":[],"tiered_pricing_percentage_rules":[],"tiered_pricing_maximum_quantity":null,"tiered_pricing_quantity_step":null,"_links":{"self":[{"href":"https:\/\/pohariky.sk\/cs\/wp-json\/wp\/v2\/product\/17899","targetHints":{"allow":["GET"]}}],"collection":[{"href":"https:\/\/pohariky.sk\/cs\/wp-json\/wp\/v2\/product"}],"about":[{"href":"https:\/\/pohariky.sk\/cs\/wp-json\/wp\/v2\/types\/product"}],"replies":[{"embeddable":true,"href":"https:\/\/pohariky.sk\/cs\/wp-json\/wp\/v2\/comments?post=17899"}],"version-history":[{"count":1,"href":"https:\/\/pohariky.sk\/cs\/wp-json\/wp\/v2\/product\/17899\/revisions"}],"predecessor-version":[{"id":21850,"href":"https:\/\/pohariky.sk\/cs\/wp-json\/wp\/v2\/product\/17899\/revisions\/21850"}],"wp:featuredmedia":[{"embeddable":true,"href":"https:\/\/pohariky.sk\/cs\/wp-json\/wp\/v2\/media\/15344"}],"wp:attachment":[{"href":"https:\/\/pohariky.sk\/cs\/wp-json\/wp\/v2\/media?parent=17899"}],"wp:term":[{"taxonomy":"product_brand","embeddable":true,"href":"https:\/\/pohariky.sk\/cs\/wp-json\/wp\/v2\/product_brand?post=17899"},{"taxonomy":"product_cat","embeddable":true,"href":"https:\/\/pohariky.sk\/cs\/wp-json\/wp\/v2\/product_cat?post=17899"},{"taxonomy":"product_tag","embeddable":true,"href":"https:\/\/pohariky.sk\/cs\/wp-json\/wp\/v2\/product_tag?post=17899"}],"curies":[{"name":"wp","href":"https:\/\/api.w.org\/{rel}","templated":true}]}}