{"id":17892,"date":"2025-11-06T18:26:30","date_gmt":"2025-11-06T17:26:30","guid":{"rendered":"https:\/\/pohariky.sk\/samurajsky-barman-otvirak\/"},"modified":"2025-11-18T10:58:46","modified_gmt":"2025-11-18T09:58:46","slug":"samurajsky-barman-otvirak","status":"publish","type":"product","link":"https:\/\/pohariky.sk\/cs\/samurajsky-barman-otvirak\/","title":{"rendered":"Samurajsk\u00fd barman Otv\u00edr\u00e1k"},"content":{"rendered":"<p>Modern\u00ed obraz otv\u00edr\u00e1ku na lahve typu mot\u00fdlek s neonov\u00fdm osv\u011btlen\u00edm a otv\u00edr\u00e1kem na pivo, kter\u00fd lze schovat dovnit\u0159 nebo vysunout ven.<br \/>\nVelmi zaj\u00edmav\u00fd design. <\/p>\n","protected":false},"excerpt":{"rendered":"<p>Modern\u00ed obraz otv\u00edr\u00e1ku na lahve typu mot\u00fdlek s neonov\u00fdm osv\u011btlen\u00edm a otv\u00edr\u00e1kem na pivo, kter\u00fd lze schovat dovnit\u0159 nebo vysunout ven.<br \/>\nVelmi&#8230;<\/p>\n","protected":false},"featured_media":15341,"comment_status":"closed","ping_status":"closed","template":"","meta":{"_acf_changed":false},"product_brand":[],"product_cat":[1078,1083,1084,1086,1077,1080,1076,1081],"product_tag":[],"class_list":{"0":"post-17892","1":"product","2":"type-product","3":"status-publish","4":"has-post-thumbnail","6":"product_cat-gastro-potreby-cs","7":"product_cat-barmanske-nastroje","8":"product_cat-vyvrtky-a-otviraky","9":"product_cat-otevirace-barmanu","10":"product_cat-podle-materialu","11":"product_cat-kov-a-nerezova-ocel-cs","12":"product_cat-podle-vyrobce","13":"product_cat-dalsi","14":"pa_mikrovlnka-nie-cs","15":"pa_okrasny-karton-ano-cs","16":"pa_umyvacka-nie-cs","18":"first","19":"instock","20":"sale","21":"taxable","22":"shipping-taxable","23":"purchasable","24":"product-type-simple"},"acf":[],"tiered_pricing_type":"percentage","tiered_pricing_fixed_rules":[],"tiered_pricing_product_settings":{"layout":"default","base_unit_name":{"singular":null,"plural":null},"default_variation":null},"tiered_pricing_minimum_quantity":null,"tiered_pricing_roles_data":[],"tiered_pricing_percentage_rules":[],"tiered_pricing_maximum_quantity":null,"tiered_pricing_quantity_step":null,"_links":{"self":[{"href":"https:\/\/pohariky.sk\/cs\/wp-json\/wp\/v2\/product\/17892","targetHints":{"allow":["GET"]}}],"collection":[{"href":"https:\/\/pohariky.sk\/cs\/wp-json\/wp\/v2\/product"}],"about":[{"href":"https:\/\/pohariky.sk\/cs\/wp-json\/wp\/v2\/types\/product"}],"replies":[{"embeddable":true,"href":"https:\/\/pohariky.sk\/cs\/wp-json\/wp\/v2\/comments?post=17892"}],"version-history":[{"count":1,"href":"https:\/\/pohariky.sk\/cs\/wp-json\/wp\/v2\/product\/17892\/revisions"}],"predecessor-version":[{"id":21843,"href":"https:\/\/pohariky.sk\/cs\/wp-json\/wp\/v2\/product\/17892\/revisions\/21843"}],"wp:featuredmedia":[{"embeddable":true,"href":"https:\/\/pohariky.sk\/cs\/wp-json\/wp\/v2\/media\/15341"}],"wp:attachment":[{"href":"https:\/\/pohariky.sk\/cs\/wp-json\/wp\/v2\/media?parent=17892"}],"wp:term":[{"taxonomy":"product_brand","embeddable":true,"href":"https:\/\/pohariky.sk\/cs\/wp-json\/wp\/v2\/product_brand?post=17892"},{"taxonomy":"product_cat","embeddable":true,"href":"https:\/\/pohariky.sk\/cs\/wp-json\/wp\/v2\/product_cat?post=17892"},{"taxonomy":"product_tag","embeddable":true,"href":"https:\/\/pohariky.sk\/cs\/wp-json\/wp\/v2\/product_tag?post=17892"}],"curies":[{"name":"wp","href":"https:\/\/api.w.org\/{rel}","templated":true}]}}