{"id":17867,"date":"2025-11-06T17:47:18","date_gmt":"2025-11-06T16:47:18","guid":{"rendered":"https:\/\/pohariky.sk\/led-retez-5m-50-diod-stribrny\/"},"modified":"2025-04-29T12:42:02","modified_gmt":"2025-04-29T10:42:02","slug":"led-retez-5m-50-diod-stribrny","status":"publish","type":"product","link":"https:\/\/pohariky.sk\/cs\/led-retez-5m-50-diod-stribrny\/","title":{"rendered":"LED \u0159et\u011bz 5m (50 diod) &#8211; st\u0159\u00edbrn\u00fd"},"content":{"rendered":"<p>Modern\u00ed LED \u0159et\u011bz v dobr\u00e9 d\u00e9lce a s v\u011bt\u0161\u00edm po\u010dtem LED diod.<br \/>\nVelmi p\u011bkn\u011b se bude vyj\u00edmat na skle, zrcadle nebo v n\u00e1dob\u011b.<br \/>\nFunguje na 3 baterie AAA (nejsou sou\u010d\u00e1st\u00ed balen\u00ed).<br \/>\nD\u00e9lka: 5 m Po\u010det LED diod: 50 ks Balen\u00ed: 1ks V\u00fdrobce: M\u011bstsk\u00fd \u00fa\u0159ad Praha.     &nbsp;<\/p>\n","protected":false},"excerpt":{"rendered":"<p>Modern\u00ed LED \u0159et\u011bz v dobr\u00e9 d\u00e9lce a s v\u011bt\u0161\u00edm po\u010dtem LED diod.<br \/>\nVelmi p\u011bkn\u011b se bude vyj\u00edmat na skle, zrcadle nebo v n\u00e1dob\u011b.<br \/>\nFunguje na 3&#8230;<\/p>\n","protected":false},"featured_media":41477,"comment_status":"closed","ping_status":"open","template":"","meta":{"_acf_changed":false},"product_brand":[],"product_cat":[1077,1203,1076,1089,1091,1200],"product_tag":[],"class_list":{"0":"post-17867","1":"product","2":"type-product","3":"status-publish","4":"has-post-thumbnail","6":"product_cat-podle-materialu","7":"product_cat-zarizeni","8":"product_cat-podle-vyrobce","9":"product_cat-duni-cs","10":"product_cat-spotrebni-zbozi","11":"product_cat-svicky","12":"pa_okrasny-karton-ano-cs","13":"pa_vyrobca-duni-cs","15":"first","16":"instock","17":"sale","18":"taxable","19":"shipping-taxable","20":"purchasable","21":"product-type-simple"},"acf":[],"tiered_pricing_type":"percentage","tiered_pricing_fixed_rules":[],"tiered_pricing_product_settings":{"layout":"default","base_unit_name":{"singular":null,"plural":null},"default_variation":null},"tiered_pricing_minimum_quantity":null,"tiered_pricing_roles_data":[],"tiered_pricing_percentage_rules":[],"tiered_pricing_maximum_quantity":null,"tiered_pricing_quantity_step":null,"_links":{"self":[{"href":"https:\/\/pohariky.sk\/cs\/wp-json\/wp\/v2\/product\/17867","targetHints":{"allow":["GET"]}}],"collection":[{"href":"https:\/\/pohariky.sk\/cs\/wp-json\/wp\/v2\/product"}],"about":[{"href":"https:\/\/pohariky.sk\/cs\/wp-json\/wp\/v2\/types\/product"}],"replies":[{"embeddable":true,"href":"https:\/\/pohariky.sk\/cs\/wp-json\/wp\/v2\/comments?post=17867"}],"version-history":[{"count":1,"href":"https:\/\/pohariky.sk\/cs\/wp-json\/wp\/v2\/product\/17867\/revisions"}],"predecessor-version":[{"id":21818,"href":"https:\/\/pohariky.sk\/cs\/wp-json\/wp\/v2\/product\/17867\/revisions\/21818"}],"wp:featuredmedia":[{"embeddable":true,"href":"https:\/\/pohariky.sk\/cs\/wp-json\/wp\/v2\/media\/41477"}],"wp:attachment":[{"href":"https:\/\/pohariky.sk\/cs\/wp-json\/wp\/v2\/media?parent=17867"}],"wp:term":[{"taxonomy":"product_brand","embeddable":true,"href":"https:\/\/pohariky.sk\/cs\/wp-json\/wp\/v2\/product_brand?post=17867"},{"taxonomy":"product_cat","embeddable":true,"href":"https:\/\/pohariky.sk\/cs\/wp-json\/wp\/v2\/product_cat?post=17867"},{"taxonomy":"product_tag","embeddable":true,"href":"https:\/\/pohariky.sk\/cs\/wp-json\/wp\/v2\/product_tag?post=17867"}],"curies":[{"name":"wp","href":"https:\/\/api.w.org\/{rel}","templated":true}]}}