{"id":17817,"date":"2025-11-06T18:38:57","date_gmt":"2025-11-06T17:38:57","guid":{"rendered":"https:\/\/pohariky.sk\/speed-rail-56cm\/"},"modified":"2025-11-18T11:01:52","modified_gmt":"2025-11-18T10:01:52","slug":"speed-rail-56cm","status":"publish","type":"product","link":"https:\/\/pohariky.sk\/cs\/speed-rail-56cm\/","title":{"rendered":"Speed Rail 56cm"},"content":{"rendered":"<p>Jednoduch\u00e1 rychloup\u00ednac\u00ed li\u0161ta nebo rychloup\u00ednac\u00ed stojan z nerezov\u00e9 oceli.<br \/>\nPou\u017e\u00edv\u00e1 se za barem k ukl\u00e1d\u00e1n\u00ed lahv\u00ed.<br \/>\nBarman je tak m\u00e1 v\u017edy po ruce.<br \/>\nSamoz\u0159ejm\u011b v ka\u017ed\u00e9m baru.<br \/>\nD\u00e9lka: 56 cm      &nbsp;<\/p>\n","protected":false},"excerpt":{"rendered":"<p>Jednoduch\u00e1 rychloup\u00ednac\u00ed li\u0161ta nebo rychloup\u00ednac\u00ed stojan z nerezov\u00e9 oceli.<br \/>\nPou\u017e\u00edv\u00e1 se za barem k ukl\u00e1d\u00e1n\u00ed lahv\u00ed.<br \/>\nBarman je tak m\u00e1&#8230;<\/p>\n","protected":false},"featured_media":43999,"comment_status":"closed","ping_status":"open","template":"","meta":{"_acf_changed":false},"product_brand":[],"product_cat":[1078,1111,1191,1077,1080,1076,1081],"product_tag":[],"class_list":{"0":"post-17817","1":"product","2":"type-product","3":"status-publish","4":"has-post-thumbnail","6":"product_cat-gastro-potreby-cs","7":"product_cat-zakulisi","8":"product_cat-rychlostni-nosic-kolejnice","9":"product_cat-podle-materialu","10":"product_cat-kov-a-nerezova-ocel-cs","11":"product_cat-podle-vyrobce","12":"product_cat-dalsi","13":"pa_mikrovlnka-nie-cs","14":"pa_okrasny-karton-nie-cs","15":"pa_umyvacka-ano-cs","17":"first","18":"onbackorder","19":"taxable","20":"shipping-taxable","21":"purchasable","22":"product-type-simple"},"acf":[],"tiered_pricing_type":"percentage","tiered_pricing_fixed_rules":[],"tiered_pricing_product_settings":{"layout":"default","base_unit_name":{"singular":null,"plural":null},"default_variation":null},"tiered_pricing_minimum_quantity":null,"tiered_pricing_roles_data":[],"tiered_pricing_percentage_rules":[],"tiered_pricing_maximum_quantity":null,"tiered_pricing_quantity_step":null,"_links":{"self":[{"href":"https:\/\/pohariky.sk\/cs\/wp-json\/wp\/v2\/product\/17817","targetHints":{"allow":["GET"]}}],"collection":[{"href":"https:\/\/pohariky.sk\/cs\/wp-json\/wp\/v2\/product"}],"about":[{"href":"https:\/\/pohariky.sk\/cs\/wp-json\/wp\/v2\/types\/product"}],"replies":[{"embeddable":true,"href":"https:\/\/pohariky.sk\/cs\/wp-json\/wp\/v2\/comments?post=17817"}],"version-history":[{"count":1,"href":"https:\/\/pohariky.sk\/cs\/wp-json\/wp\/v2\/product\/17817\/revisions"}],"predecessor-version":[{"id":21768,"href":"https:\/\/pohariky.sk\/cs\/wp-json\/wp\/v2\/product\/17817\/revisions\/21768"}],"wp:featuredmedia":[{"embeddable":true,"href":"https:\/\/pohariky.sk\/cs\/wp-json\/wp\/v2\/media\/43999"}],"wp:attachment":[{"href":"https:\/\/pohariky.sk\/cs\/wp-json\/wp\/v2\/media?parent=17817"}],"wp:term":[{"taxonomy":"product_brand","embeddable":true,"href":"https:\/\/pohariky.sk\/cs\/wp-json\/wp\/v2\/product_brand?post=17817"},{"taxonomy":"product_cat","embeddable":true,"href":"https:\/\/pohariky.sk\/cs\/wp-json\/wp\/v2\/product_cat?post=17817"},{"taxonomy":"product_tag","embeddable":true,"href":"https:\/\/pohariky.sk\/cs\/wp-json\/wp\/v2\/product_tag?post=17817"}],"curies":[{"name":"wp","href":"https:\/\/api.w.org\/{rel}","templated":true}]}}