{"id":17745,"date":"2025-11-06T18:16:44","date_gmt":"2025-11-06T17:16:44","guid":{"rendered":"https:\/\/pohariky.sk\/nerezova-malta-top-s\/"},"modified":"2025-11-18T10:55:20","modified_gmt":"2025-11-18T09:55:20","slug":"nerezova-malta-top-s","status":"publish","type":"product","link":"https:\/\/pohariky.sk\/cs\/nerezova-malta-top-s\/","title":{"rendered":"Nerezov\u00e1 malta Top S"},"content":{"rendered":"<p>Celonerezov\u00fd hmo\u017ed\u00ed\u0159 s rukojet\u00ed, kter\u00e1 se uprost\u0159ed zu\u017euje.<br \/>\nVelmi elegantn\u00ed a imageov\u00e1 lopatka.<br \/>\nD\u00e9lka: 17,8 cm Pr\u016fm\u011br hlavice: 3,2 cm Typ hlavice: s\u00ed\u0165ov\u00e1    &nbsp;<\/p>\n","protected":false},"excerpt":{"rendered":"<p>Celonerezov\u00fd hmo\u017ed\u00ed\u0159 s rukojet\u00ed, kter\u00e1 se uprost\u0159ed zu\u017euje.<br \/>\nVelmi elegantn\u00ed a imageov\u00e1 lopatka.<br \/>\nD\u00e9lka: 17,8 cm Pr\u016fm\u011br hlavice: 3,2 cm&#8230;<\/p>\n","protected":false},"featured_media":16837,"comment_status":"closed","ping_status":"closed","template":"","meta":{"_acf_changed":false},"product_brand":[],"product_cat":[1078,1083,1118,1123,1077,1080,1076,1081],"product_tag":[],"class_list":{"0":"post-17745","1":"product","2":"type-product","3":"status-publish","4":"has-post-thumbnail","6":"product_cat-gastro-potreby-cs","7":"product_cat-barmanske-nastroje","8":"product_cat-brusky-drtice-mlynky","9":"product_cat-kov-cs","10":"product_cat-podle-materialu","11":"product_cat-kov-a-nerezova-ocel-cs","12":"product_cat-podle-vyrobce","13":"product_cat-dalsi","14":"pa_mikrovlnka-nie-cs","15":"pa_okrasny-karton-nie-cs","16":"pa_priemer-produktu-cm-5-0-cs","17":"pa_umyvacka-ano-cs","19":"first","20":"onbackorder","21":"taxable","22":"shipping-taxable","23":"purchasable","24":"product-type-simple"},"acf":[],"tiered_pricing_type":"percentage","tiered_pricing_fixed_rules":[],"tiered_pricing_product_settings":{"layout":"default","base_unit_name":{"singular":null,"plural":null},"default_variation":null},"tiered_pricing_minimum_quantity":null,"tiered_pricing_roles_data":[],"tiered_pricing_percentage_rules":{"2":"5","3":"10"},"tiered_pricing_maximum_quantity":null,"tiered_pricing_quantity_step":null,"_links":{"self":[{"href":"https:\/\/pohariky.sk\/cs\/wp-json\/wp\/v2\/product\/17745","targetHints":{"allow":["GET"]}}],"collection":[{"href":"https:\/\/pohariky.sk\/cs\/wp-json\/wp\/v2\/product"}],"about":[{"href":"https:\/\/pohariky.sk\/cs\/wp-json\/wp\/v2\/types\/product"}],"replies":[{"embeddable":true,"href":"https:\/\/pohariky.sk\/cs\/wp-json\/wp\/v2\/comments?post=17745"}],"version-history":[{"count":1,"href":"https:\/\/pohariky.sk\/cs\/wp-json\/wp\/v2\/product\/17745\/revisions"}],"predecessor-version":[{"id":21701,"href":"https:\/\/pohariky.sk\/cs\/wp-json\/wp\/v2\/product\/17745\/revisions\/21701"}],"wp:featuredmedia":[{"embeddable":true,"href":"https:\/\/pohariky.sk\/cs\/wp-json\/wp\/v2\/media\/16837"}],"wp:attachment":[{"href":"https:\/\/pohariky.sk\/cs\/wp-json\/wp\/v2\/media?parent=17745"}],"wp:term":[{"taxonomy":"product_brand","embeddable":true,"href":"https:\/\/pohariky.sk\/cs\/wp-json\/wp\/v2\/product_brand?post=17745"},{"taxonomy":"product_cat","embeddable":true,"href":"https:\/\/pohariky.sk\/cs\/wp-json\/wp\/v2\/product_cat?post=17745"},{"taxonomy":"product_tag","embeddable":true,"href":"https:\/\/pohariky.sk\/cs\/wp-json\/wp\/v2\/product_tag?post=17745"}],"curies":[{"name":"wp","href":"https:\/\/api.w.org\/{rel}","templated":true}]}}